{"id":6270,"date":"2019-06-15T12:44:54","date_gmt":"2019-06-15T12:44:54","guid":{"rendered":"https:\/\/zutt.smore.ch\/?page_id=6270"},"modified":"2026-03-25T16:06:38","modified_gmt":"2026-03-25T16:06:38","slug":"studien","status":"publish","type":"page","link":"https:\/\/zutt.ch\/blog\/de\/studien\/","title":{"rendered":"Studien"},"content":{"rendered":"<h1>Neuromarketing-Studien &amp; Markenvergleiche<\/h1>\n<h2>Was Konsumenten wirklich f\u00fchlen<\/h2>\n<p>Die Kaufentscheide der Konsumenten erfolgen zu \u00fcber 90% emotional. Gerade deshalb ist es so wichtig, die Gef\u00fchlswelt der Kunden zu verstehen. Dank dem einzigartigen Neuromarketing-Tool <a href=\"https:\/\/zutt.ch\/blog\/de\/zutt-neuromarketing-emocompass\/\" target=\"_blank\" rel=\"noopener noreferrer\">EmoCompass\u00ae<\/a> erm\u00f6glicht ZUTT &#038; PARTNER seit 2015 regelm\u00e4ssig Einblicke in die faszinierende Welt der Marken- und Kunden-Emotionen. Durch die Vergleiche von erfolgreichen Brands zeigt sich, was eine Marke zur emotionalen Nr. 1 macht.<\/p>\n<p>Sie m\u00f6chten keinen Neuromarketing-Vergleich verpassen?<br \/>\n<span class=\"zuttbutton\" style=\"color: #ffffff;\"><a style=\"color: #ffffff;\" href=\"https:\/\/zutt.ch\/de\/newsletter\/\" rel=\"noopener noreferrer\">&gt; Jetzt abonnieren<\/a><\/span><\/p>\n","protected":false},"excerpt":{"rendered":"<p>Neuromarketing-Studien &amp; Markenvergleiche Was Konsumenten wirklich f\u00fchlen Die Kaufentscheide der Konsumenten erfolgen zu \u00fcber 90% emotional. Gerade deshalb ist es so wichtig, die Gef\u00fchlswelt der Kunden zu verstehen. Dank dem einzigartigen Neuromarketing-Tool EmoCompass\u00ae erm\u00f6glicht ZUTT &#038; PARTNER seit 2015 regelm\u00e4ssig Einblicke in die faszinierende Welt der Marken- und Kunden-Emotionen. Durch die Vergleiche von erfolgreichen Brands [&hellip;]<\/p>\n","protected":false},"author":1,"featured_media":0,"parent":0,"menu_order":40,"comment_status":"closed","ping_status":"closed","template":"page-studie.php","meta":{"_acf_changed":false,"inline_featured_image":false,"footnotes":""},"class_list":["post-6270","page","type-page","status-publish","hentry"],"acf":[],"yoast_head":"<!-- This site is optimized with the Yoast SEO plugin v27.3 - https:\/\/yoast.com\/product\/yoast-seo-wordpress\/ -->\n<title>Neuromarketing Studien und Markenvergleiche | ZUTT &amp; PARTNER AG<\/title>\n<meta name=\"description\" content=\"Dank dem einzigartigen Neuromarketing-Tool EmoCompass\u00ae erm\u00f6glicht ZUTT &amp; PARTNER regelm\u00e4ssig Einblicke in die Welt der Marken- und Kunden-Emotionen.\" \/>\n<meta name=\"robots\" content=\"index, follow, max-snippet:-1, max-image-preview:large, max-video-preview:-1\" \/>\n<link rel=\"canonical\" href=\"https:\/\/zutt.ch\/blog\/de\/studien\/\" \/>\n<meta property=\"og:locale\" content=\"de_DE\" \/>\n<meta property=\"og:type\" content=\"article\" \/>\n<meta property=\"og:title\" content=\"Neuromarketing Studien und Markenvergleiche | ZUTT &amp; PARTNER AG\" \/>\n<meta property=\"og:description\" content=\"Dank dem einzigartigen Neuromarketing-Tool EmoCompass\u00ae erm\u00f6glicht ZUTT &amp; PARTNER regelm\u00e4ssig Einblicke in die Welt der Marken- und Kunden-Emotionen.\" \/>\n<meta property=\"og:url\" content=\"https:\/\/zutt.ch\/blog\/de\/studien\/\" \/>\n<meta property=\"og:site_name\" content=\"ZUTT &amp; PARTNER AG\" \/>\n<meta property=\"article:publisher\" content=\"https:\/\/www.facebook.com\/GlobalEmotionsForum\" \/>\n<meta property=\"article:modified_time\" content=\"2026-03-25T16:06:38+00:00\" \/>\n<meta name=\"twitter:card\" content=\"summary_large_image\" \/>\n<meta name=\"twitter:label1\" content=\"Gesch\u00e4tzte Lesezeit\" \/>\n\t<meta name=\"twitter:data1\" content=\"1\u00a0Minute\" \/>\n<script type=\"application\/ld+json\" class=\"yoast-schema-graph\">{\"@context\":\"https:\\\/\\\/schema.org\",\"@graph\":[{\"@type\":\"WebPage\",\"@id\":\"https:\\\/\\\/zutt.ch\\\/blog\\\/de\\\/studien\\\/\",\"url\":\"https:\\\/\\\/zutt.ch\\\/blog\\\/de\\\/studien\\\/\",\"name\":\"Neuromarketing Studien und Markenvergleiche | ZUTT & PARTNER AG\",\"isPartOf\":{\"@id\":\"https:\\\/\\\/zutt.ch\\\/blog\\\/#website\"},\"datePublished\":\"2019-06-15T12:44:54+00:00\",\"dateModified\":\"2026-03-25T16:06:38+00:00\",\"description\":\"Dank dem einzigartigen Neuromarketing-Tool EmoCompass\u00ae erm\u00f6glicht ZUTT & PARTNER regelm\u00e4ssig Einblicke in die Welt der Marken- und Kunden-Emotionen.\",\"breadcrumb\":{\"@id\":\"https:\\\/\\\/zutt.ch\\\/blog\\\/de\\\/studien\\\/#breadcrumb\"},\"inLanguage\":\"de\",\"potentialAction\":[{\"@type\":\"ReadAction\",\"target\":[\"https:\\\/\\\/zutt.ch\\\/blog\\\/de\\\/studien\\\/\"]}]},{\"@type\":\"BreadcrumbList\",\"@id\":\"https:\\\/\\\/zutt.ch\\\/blog\\\/de\\\/studien\\\/#breadcrumb\",\"itemListElement\":[{\"@type\":\"ListItem\",\"position\":1,\"name\":\"Home\",\"item\":\"https:\\\/\\\/zutt.ch\\\/blog\\\/de\\\/\"},{\"@type\":\"ListItem\",\"position\":2,\"name\":\"Studien\"}]},{\"@type\":\"WebSite\",\"@id\":\"https:\\\/\\\/zutt.ch\\\/blog\\\/#website\",\"url\":\"https:\\\/\\\/zutt.ch\\\/blog\\\/\",\"name\":\"ZUTT &amp; PARTNER AG\",\"description\":\"Navigate Emotions\",\"publisher\":{\"@id\":\"https:\\\/\\\/zutt.ch\\\/blog\\\/#organization\"},\"potentialAction\":[{\"@type\":\"SearchAction\",\"target\":{\"@type\":\"EntryPoint\",\"urlTemplate\":\"https:\\\/\\\/zutt.ch\\\/blog\\\/?s={search_term_string}\"},\"query-input\":{\"@type\":\"PropertyValueSpecification\",\"valueRequired\":true,\"valueName\":\"search_term_string\"}}],\"inLanguage\":\"de\"},{\"@type\":\"Organization\",\"@id\":\"https:\\\/\\\/zutt.ch\\\/blog\\\/#organization\",\"name\":\"ZUTT & PARTNER AG\",\"url\":\"https:\\\/\\\/zutt.ch\\\/blog\\\/\",\"logo\":{\"@type\":\"ImageObject\",\"inLanguage\":\"de\",\"@id\":\"https:\\\/\\\/zutt.ch\\\/blog\\\/#\\\/schema\\\/logo\\\/image\\\/\",\"url\":\"https:\\\/\\\/zutt.ch\\\/blog\\\/wp-content\\\/uploads\\\/2018\\\/03\\\/Zutt-Partner-Logo.svg\",\"contentUrl\":\"https:\\\/\\\/zutt.ch\\\/blog\\\/wp-content\\\/uploads\\\/2018\\\/03\\\/Zutt-Partner-Logo.svg\",\"width\":1,\"height\":1,\"caption\":\"ZUTT & PARTNER AG\"},\"image\":{\"@id\":\"https:\\\/\\\/zutt.ch\\\/blog\\\/#\\\/schema\\\/logo\\\/image\\\/\"},\"sameAs\":[\"https:\\\/\\\/www.facebook.com\\\/GlobalEmotionsForum\",\"http:\\\/\\\/ch.linkedin.com\\\/company\\\/globalemotionsforum?trk=ppro_cprof\"]}]}<\/script>\n<!-- \/ Yoast SEO plugin. -->","yoast_head_json":{"title":"Neuromarketing Studien und Markenvergleiche | ZUTT & PARTNER AG","description":"Dank dem einzigartigen Neuromarketing-Tool EmoCompass\u00ae erm\u00f6glicht ZUTT & PARTNER regelm\u00e4ssig Einblicke in die Welt der Marken- und Kunden-Emotionen.","robots":{"index":"index","follow":"follow","max-snippet":"max-snippet:-1","max-image-preview":"max-image-preview:large","max-video-preview":"max-video-preview:-1"},"canonical":"https:\/\/zutt.ch\/blog\/de\/studien\/","og_locale":"de_DE","og_type":"article","og_title":"Neuromarketing Studien und Markenvergleiche | ZUTT & PARTNER AG","og_description":"Dank dem einzigartigen Neuromarketing-Tool EmoCompass\u00ae erm\u00f6glicht ZUTT & PARTNER regelm\u00e4ssig Einblicke in die Welt der Marken- und Kunden-Emotionen.","og_url":"https:\/\/zutt.ch\/blog\/de\/studien\/","og_site_name":"ZUTT &amp; PARTNER AG","article_publisher":"https:\/\/www.facebook.com\/GlobalEmotionsForum","article_modified_time":"2026-03-25T16:06:38+00:00","twitter_card":"summary_large_image","twitter_misc":{"Gesch\u00e4tzte Lesezeit":"1\u00a0Minute"},"schema":{"@context":"https:\/\/schema.org","@graph":[{"@type":"WebPage","@id":"https:\/\/zutt.ch\/blog\/de\/studien\/","url":"https:\/\/zutt.ch\/blog\/de\/studien\/","name":"Neuromarketing Studien und Markenvergleiche | ZUTT & PARTNER AG","isPartOf":{"@id":"https:\/\/zutt.ch\/blog\/#website"},"datePublished":"2019-06-15T12:44:54+00:00","dateModified":"2026-03-25T16:06:38+00:00","description":"Dank dem einzigartigen Neuromarketing-Tool EmoCompass\u00ae erm\u00f6glicht ZUTT & PARTNER regelm\u00e4ssig Einblicke in die Welt der Marken- und Kunden-Emotionen.","breadcrumb":{"@id":"https:\/\/zutt.ch\/blog\/de\/studien\/#breadcrumb"},"inLanguage":"de","potentialAction":[{"@type":"ReadAction","target":["https:\/\/zutt.ch\/blog\/de\/studien\/"]}]},{"@type":"BreadcrumbList","@id":"https:\/\/zutt.ch\/blog\/de\/studien\/#breadcrumb","itemListElement":[{"@type":"ListItem","position":1,"name":"Home","item":"https:\/\/zutt.ch\/blog\/de\/"},{"@type":"ListItem","position":2,"name":"Studien"}]},{"@type":"WebSite","@id":"https:\/\/zutt.ch\/blog\/#website","url":"https:\/\/zutt.ch\/blog\/","name":"ZUTT &amp; PARTNER AG","description":"Navigate Emotions","publisher":{"@id":"https:\/\/zutt.ch\/blog\/#organization"},"potentialAction":[{"@type":"SearchAction","target":{"@type":"EntryPoint","urlTemplate":"https:\/\/zutt.ch\/blog\/?s={search_term_string}"},"query-input":{"@type":"PropertyValueSpecification","valueRequired":true,"valueName":"search_term_string"}}],"inLanguage":"de"},{"@type":"Organization","@id":"https:\/\/zutt.ch\/blog\/#organization","name":"ZUTT & PARTNER AG","url":"https:\/\/zutt.ch\/blog\/","logo":{"@type":"ImageObject","inLanguage":"de","@id":"https:\/\/zutt.ch\/blog\/#\/schema\/logo\/image\/","url":"https:\/\/zutt.ch\/blog\/wp-content\/uploads\/2018\/03\/Zutt-Partner-Logo.svg","contentUrl":"https:\/\/zutt.ch\/blog\/wp-content\/uploads\/2018\/03\/Zutt-Partner-Logo.svg","width":1,"height":1,"caption":"ZUTT & PARTNER AG"},"image":{"@id":"https:\/\/zutt.ch\/blog\/#\/schema\/logo\/image\/"},"sameAs":["https:\/\/www.facebook.com\/GlobalEmotionsForum","http:\/\/ch.linkedin.com\/company\/globalemotionsforum?trk=ppro_cprof"]}]}},"_links":{"self":[{"href":"https:\/\/zutt.ch\/blog\/wp-json\/wp\/v2\/pages\/6270","targetHints":{"allow":["GET"]}}],"collection":[{"href":"https:\/\/zutt.ch\/blog\/wp-json\/wp\/v2\/pages"}],"about":[{"href":"https:\/\/zutt.ch\/blog\/wp-json\/wp\/v2\/types\/page"}],"author":[{"embeddable":true,"href":"https:\/\/zutt.ch\/blog\/wp-json\/wp\/v2\/users\/1"}],"replies":[{"embeddable":true,"href":"https:\/\/zutt.ch\/blog\/wp-json\/wp\/v2\/comments?post=6270"}],"version-history":[{"count":18,"href":"https:\/\/zutt.ch\/blog\/wp-json\/wp\/v2\/pages\/6270\/revisions"}],"predecessor-version":[{"id":15934,"href":"https:\/\/zutt.ch\/blog\/wp-json\/wp\/v2\/pages\/6270\/revisions\/15934"}],"wp:attachment":[{"href":"https:\/\/zutt.ch\/blog\/wp-json\/wp\/v2\/media?parent=6270"}],"curies":[{"name":"wp","href":"https:\/\/api.w.org\/{rel}","templated":true}]}}