{"id":5757,"date":"2019-02-19T11:56:42","date_gmt":"2019-02-19T11:56:42","guid":{"rendered":"https:\/\/zutt.ch\/?page_id=5757"},"modified":"2019-10-18T10:52:46","modified_gmt":"2019-10-18T10:52:46","slug":"emotionales-marketing","status":"publish","type":"page","link":"https:\/\/zutt.ch\/blog\/de\/emotionales-marketing\/","title":{"rendered":"Emotionales Marketing"},"content":{"rendered":"<h1 class=\"h4\">Emotionales Marketing &amp; Neuromarketing<\/h1>\n<h2>Warum Neuromarketing unabdingbar ist<\/h2>\n<p><img loading=\"lazy\" decoding=\"async\" src=\"https:\/\/zutt.ch\/blog\/wp-content\/uploads\/2019\/10\/zutt-neuromarketing-definition-praxis-projekte.jpg\" alt=\"Durchleuchtetes Konsumentengehirn im Neuromarketing\" width=\"640\" height=\"480\" class=\"aligncenter size-full wp-image-7307\" srcset=\"https:\/\/zutt.ch\/blog\/wp-content\/uploads\/2019\/10\/zutt-neuromarketing-definition-praxis-projekte.jpg 640w, https:\/\/zutt.ch\/blog\/wp-content\/uploads\/2019\/10\/zutt-neuromarketing-definition-praxis-projekte-300x225.jpg 300w\" sizes=\"auto, (max-width: 640px) 100vw, 640px\" \/><br \/>\nNimmt man die heutigen M\u00e4rkte genauer unter die Lupe, lassen sich zwei essentielle Tatsachen feststellen:<\/p>\n<p>Zum einen sind die Konsumenten heutzutage einer st\u00e4ndigen Informationsflut ausgesetzt, welche vom Hirn bei weitem nicht verarbeitet werden kann. T\u00e4glich m\u00f6chten hunderte Unternehmen mit ihren Marketingmassnahmen die Aufmerksamkeit der Konsumenten erlangen. Die Realit\u00e4t ist jedoch eine andere \u2013\u00a0und ern\u00fcchternd: 99% aller Marketingbem\u00fchungen werden von den K\u00f6pfen der Konsumenten schlichtweg ausgeblendet.<\/p>\n<p>Zum anderen ist das Angebot so gross wie noch nie. Zur Markts\u00e4ttigung kommt hinzu, dass praktisch alle Produkte und Dienstleistungen austauschbar sind. Das Erdbeerjoghurt im Regal unterscheidet sich kaum von dem in den Regalen der Mitbewerber. Und diese Austauschbarkeit innerhalb des Wettbewerbs nimmt mit dem Vorantreiben der Digitalisierung sogar noch weiter zu. Dies gilt \u00fcbrigens auch in der B2B-Welt.<\/p>\n<p>Emotionales Marketing nutzt diese Erkenntnisse aus der Neurologie und bespielt gezielt die Emotionen des Empf\u00e4ngers. Dort kann eine Marke n\u00e4mlich<\/p>\n<ol>\n<li>die Informationsflut umgehen, im richtigen Moment herausstechen und das Kundenhirn erreichen.<\/li>\n<li>ein austauschbares Produkt emotional aufladen und somit f\u00fcr das Kundenhirn einzigartig machen.<\/li>\n<\/ol>\n<p>Sagt das emotionale Hirn \u00abJA\u00bb zu einem potentiellen Anbieter, steht dem Kaufabschluss meist nicht mehr viel im Weg. So verstandenes und praktiziertes Marketing kann keinen genug hohen Stellenwert haben, es ist der Motor f\u00fcr den Erfolg einer Unternehmung.<\/p>\n<p>&nbsp;<\/p>\n<h2>Neuromarketing Definition<\/h2>\n<p>Neuromarketing nutzt die Erkenntnisse moderner Hirnforschung im Bereich Marketing \u2013 dabei dreht es sich haupts\u00e4chlich um die bewusste und unbewusste Wahrnehmung beim Kunden und dessen Entscheidungsfindung. Fr\u00fcher ging man davon aus, dass das Hirn einen mehrstufigen Evaluationsprozess durchl\u00e4uft: Eine Vielzahl Anbieter w\u00fcrde systematisch bis zu einem \u00abrelevant Set\u00bb mit einer Handvoll in Frage kommender Marken destilliert, davon w\u00fcrde dann \u2013 wiederum rational \u2013 ausgew\u00e4hlt. Heute wissen wir von den Neurologen, dass unser Hirn nicht in Hierarchien und Stammb\u00e4umen denkt. Vielmehr gibt es f\u00fcr jeden Lebensbereich, f\u00fcr jede Branche eine Leuchtturmmarke, die das Hirn im Moment des Bedarfs als erstes ausspuckt. So wie wir uns z.B. meist nur an den Sieger einer Weltmeisterschaft erinnern und bereits der Zweitplatzierte bald aus der Erinnerung verschwindet. Wir nennen solche Leuchtturm-Marken \u00abdie emotionale Nr. 1\u00bb. Und das ist auch gleich der wichtigste Erfolgsschl\u00fcssel f\u00fcr jedes Unternehmen: Bei m\u00f6glichst vielen Kunden die emotionale Nr. 1 zu sein. Denn diese wird gekauft. <\/p>\n<p><span class=\"zuttbutton\" style=\"color: #ffffff;\"><a style=\"color: #ffffff;\" href=\"https:\/\/zutt.ch\/blog\/de\/neuromarketing\/\" rel=\"noopener noreferrer\">&gt; Erfahren Sie noch mehr \u00fcber Neuromarketing<\/a><\/span><\/p>\n<p>&nbsp;<\/p>\n<h2>Emotionales Marketing in der Praxis<\/h2>\n<p>ZUTT &amp; PARTNER arbeitet da, wo Emotionen eine zentrale Rolle spielen \u2013 im Unterbewusstsein. Emotionen beschleunigen das Vergleichen und f\u00fchren zu Entscheiden. So gewinnt die Marke, welche im richtigen Moment emotional ber\u00fchrt. <a href=\"\/de\/emocompass\/\">Lernen Sie den EmoCompass\u00ae kennen und erleben Sie, wie Sie Ihre Marke zur emotionalen Nr. 1 navigieren<\/a>. Der EmoCompass\u00ae kann in folgenden Einsatzfeldern eingesetzt werden:<\/p>\n","protected":false},"excerpt":{"rendered":"<p>Emotionales Marketing &amp; Neuromarketing Warum Neuromarketing unabdingbar ist Nimmt man die heutigen M\u00e4rkte genauer unter die Lupe, lassen sich zwei essentielle Tatsachen feststellen: Zum einen sind die Konsumenten heutzutage einer st\u00e4ndigen Informationsflut ausgesetzt, welche vom Hirn bei weitem nicht verarbeitet werden kann. T\u00e4glich m\u00f6chten hunderte Unternehmen mit ihren Marketingmassnahmen die Aufmerksamkeit der Konsumenten erlangen. Die [&hellip;]<\/p>\n","protected":false},"author":12,"featured_media":0,"parent":0,"menu_order":48,"comment_status":"closed","ping_status":"closed","template":"","meta":{"_acf_changed":false,"inline_featured_image":false,"footnotes":""},"class_list":["post-5757","page","type-page","status-publish","hentry"],"acf":[],"yoast_head":"<!-- This site is optimized with the Yoast SEO plugin v27.4 - https:\/\/yoast.com\/product\/yoast-seo-wordpress\/ -->\n<title>Emotionales Marketing | Warum Neuromarketing unabdingbar ist<\/title>\n<meta name=\"description\" content=\"Nimmt man die heutigen M\u00e4rkte genauer unter die Lupe, erkennt man prompt, dass es mehr braucht als ein gutes Angebot, um die Kunden zu \u00fcberzeugen.\" \/>\n<meta name=\"robots\" content=\"index, follow, max-snippet:-1, max-image-preview:large, max-video-preview:-1\" \/>\n<link rel=\"canonical\" href=\"https:\/\/zutt.ch\/blog\/de\/emotionales-marketing\/\" \/>\n<meta property=\"og:locale\" content=\"de_DE\" \/>\n<meta property=\"og:type\" content=\"article\" \/>\n<meta property=\"og:title\" content=\"Emotionales Marketing | Warum Neuromarketing unabdingbar ist\" \/>\n<meta property=\"og:description\" content=\"Nimmt man die heutigen M\u00e4rkte genauer unter die Lupe, erkennt man prompt, dass es mehr braucht als ein gutes Angebot, um die Kunden zu \u00fcberzeugen.\" \/>\n<meta property=\"og:url\" content=\"https:\/\/zutt.ch\/blog\/de\/emotionales-marketing\/\" \/>\n<meta property=\"og:site_name\" content=\"ZUTT &amp; PARTNER AG\" \/>\n<meta property=\"article:publisher\" content=\"https:\/\/www.facebook.com\/GlobalEmotionsForum\" \/>\n<meta property=\"article:modified_time\" content=\"2019-10-18T10:52:46+00:00\" \/>\n<meta property=\"og:image\" content=\"https:\/\/zutt.ch\/blog\/wp-content\/uploads\/2019\/10\/zutt-neuromarketing-definition-praxis-projekte.jpg\" \/>\n<meta name=\"twitter:card\" content=\"summary_large_image\" \/>\n<meta name=\"twitter:label1\" content=\"Gesch\u00e4tzte Lesezeit\" \/>\n\t<meta name=\"twitter:data1\" content=\"2\u00a0Minuten\" \/>\n<script type=\"application\/ld+json\" class=\"yoast-schema-graph\">{\"@context\":\"https:\\\/\\\/schema.org\",\"@graph\":[{\"@type\":\"WebPage\",\"@id\":\"https:\\\/\\\/zutt.ch\\\/blog\\\/de\\\/emotionales-marketing\\\/\",\"url\":\"https:\\\/\\\/zutt.ch\\\/blog\\\/de\\\/emotionales-marketing\\\/\",\"name\":\"Emotionales Marketing | Warum Neuromarketing unabdingbar ist\",\"isPartOf\":{\"@id\":\"https:\\\/\\\/zutt.ch\\\/blog\\\/#website\"},\"primaryImageOfPage\":{\"@id\":\"https:\\\/\\\/zutt.ch\\\/blog\\\/de\\\/emotionales-marketing\\\/#primaryimage\"},\"image\":{\"@id\":\"https:\\\/\\\/zutt.ch\\\/blog\\\/de\\\/emotionales-marketing\\\/#primaryimage\"},\"thumbnailUrl\":\"https:\\\/\\\/zutt.ch\\\/blog\\\/wp-content\\\/uploads\\\/2019\\\/10\\\/zutt-neuromarketing-definition-praxis-projekte.jpg\",\"datePublished\":\"2019-02-19T11:56:42+00:00\",\"dateModified\":\"2019-10-18T10:52:46+00:00\",\"description\":\"Nimmt man die heutigen M\u00e4rkte genauer unter die Lupe, erkennt man prompt, dass es mehr braucht als ein gutes Angebot, um die Kunden zu \u00fcberzeugen.\",\"breadcrumb\":{\"@id\":\"https:\\\/\\\/zutt.ch\\\/blog\\\/de\\\/emotionales-marketing\\\/#breadcrumb\"},\"inLanguage\":\"de\",\"potentialAction\":[{\"@type\":\"ReadAction\",\"target\":[\"https:\\\/\\\/zutt.ch\\\/blog\\\/de\\\/emotionales-marketing\\\/\"]}]},{\"@type\":\"ImageObject\",\"inLanguage\":\"de\",\"@id\":\"https:\\\/\\\/zutt.ch\\\/blog\\\/de\\\/emotionales-marketing\\\/#primaryimage\",\"url\":\"https:\\\/\\\/zutt.ch\\\/blog\\\/wp-content\\\/uploads\\\/2019\\\/10\\\/zutt-neuromarketing-definition-praxis-projekte.jpg\",\"contentUrl\":\"https:\\\/\\\/zutt.ch\\\/blog\\\/wp-content\\\/uploads\\\/2019\\\/10\\\/zutt-neuromarketing-definition-praxis-projekte.jpg\",\"width\":640,\"height\":480,\"caption\":\"Durchleuchtetes Konsumentengehirn im Neuromarketing\"},{\"@type\":\"BreadcrumbList\",\"@id\":\"https:\\\/\\\/zutt.ch\\\/blog\\\/de\\\/emotionales-marketing\\\/#breadcrumb\",\"itemListElement\":[{\"@type\":\"ListItem\",\"position\":1,\"name\":\"Home\",\"item\":\"https:\\\/\\\/zutt.ch\\\/blog\\\/de\\\/\"},{\"@type\":\"ListItem\",\"position\":2,\"name\":\"Emotionales Marketing\"}]},{\"@type\":\"WebSite\",\"@id\":\"https:\\\/\\\/zutt.ch\\\/blog\\\/#website\",\"url\":\"https:\\\/\\\/zutt.ch\\\/blog\\\/\",\"name\":\"ZUTT &amp; PARTNER AG\",\"description\":\"Navigate Emotions\",\"publisher\":{\"@id\":\"https:\\\/\\\/zutt.ch\\\/blog\\\/#organization\"},\"potentialAction\":[{\"@type\":\"SearchAction\",\"target\":{\"@type\":\"EntryPoint\",\"urlTemplate\":\"https:\\\/\\\/zutt.ch\\\/blog\\\/?s={search_term_string}\"},\"query-input\":{\"@type\":\"PropertyValueSpecification\",\"valueRequired\":true,\"valueName\":\"search_term_string\"}}],\"inLanguage\":\"de\"},{\"@type\":\"Organization\",\"@id\":\"https:\\\/\\\/zutt.ch\\\/blog\\\/#organization\",\"name\":\"ZUTT & PARTNER AG\",\"url\":\"https:\\\/\\\/zutt.ch\\\/blog\\\/\",\"logo\":{\"@type\":\"ImageObject\",\"inLanguage\":\"de\",\"@id\":\"https:\\\/\\\/zutt.ch\\\/blog\\\/#\\\/schema\\\/logo\\\/image\\\/\",\"url\":\"https:\\\/\\\/zutt.ch\\\/blog\\\/wp-content\\\/uploads\\\/2018\\\/03\\\/Zutt-Partner-Logo.svg\",\"contentUrl\":\"https:\\\/\\\/zutt.ch\\\/blog\\\/wp-content\\\/uploads\\\/2018\\\/03\\\/Zutt-Partner-Logo.svg\",\"width\":1,\"height\":1,\"caption\":\"ZUTT & PARTNER AG\"},\"image\":{\"@id\":\"https:\\\/\\\/zutt.ch\\\/blog\\\/#\\\/schema\\\/logo\\\/image\\\/\"},\"sameAs\":[\"https:\\\/\\\/www.facebook.com\\\/GlobalEmotionsForum\",\"http:\\\/\\\/ch.linkedin.com\\\/company\\\/globalemotionsforum?trk=ppro_cprof\"]}]}<\/script>\n<!-- \/ Yoast SEO plugin. -->","yoast_head_json":{"title":"Emotionales Marketing | Warum Neuromarketing unabdingbar ist","description":"Nimmt man die heutigen M\u00e4rkte genauer unter die Lupe, erkennt man prompt, dass es mehr braucht als ein gutes Angebot, um die Kunden zu \u00fcberzeugen.","robots":{"index":"index","follow":"follow","max-snippet":"max-snippet:-1","max-image-preview":"max-image-preview:large","max-video-preview":"max-video-preview:-1"},"canonical":"https:\/\/zutt.ch\/blog\/de\/emotionales-marketing\/","og_locale":"de_DE","og_type":"article","og_title":"Emotionales Marketing | Warum Neuromarketing unabdingbar ist","og_description":"Nimmt man die heutigen M\u00e4rkte genauer unter die Lupe, erkennt man prompt, dass es mehr braucht als ein gutes Angebot, um die Kunden zu \u00fcberzeugen.","og_url":"https:\/\/zutt.ch\/blog\/de\/emotionales-marketing\/","og_site_name":"ZUTT &amp; PARTNER AG","article_publisher":"https:\/\/www.facebook.com\/GlobalEmotionsForum","article_modified_time":"2019-10-18T10:52:46+00:00","og_image":[{"url":"https:\/\/zutt.ch\/blog\/wp-content\/uploads\/2019\/10\/zutt-neuromarketing-definition-praxis-projekte.jpg","type":"","width":"","height":""}],"twitter_card":"summary_large_image","twitter_misc":{"Gesch\u00e4tzte Lesezeit":"2\u00a0Minuten"},"schema":{"@context":"https:\/\/schema.org","@graph":[{"@type":"WebPage","@id":"https:\/\/zutt.ch\/blog\/de\/emotionales-marketing\/","url":"https:\/\/zutt.ch\/blog\/de\/emotionales-marketing\/","name":"Emotionales Marketing | Warum Neuromarketing unabdingbar ist","isPartOf":{"@id":"https:\/\/zutt.ch\/blog\/#website"},"primaryImageOfPage":{"@id":"https:\/\/zutt.ch\/blog\/de\/emotionales-marketing\/#primaryimage"},"image":{"@id":"https:\/\/zutt.ch\/blog\/de\/emotionales-marketing\/#primaryimage"},"thumbnailUrl":"https:\/\/zutt.ch\/blog\/wp-content\/uploads\/2019\/10\/zutt-neuromarketing-definition-praxis-projekte.jpg","datePublished":"2019-02-19T11:56:42+00:00","dateModified":"2019-10-18T10:52:46+00:00","description":"Nimmt man die heutigen M\u00e4rkte genauer unter die Lupe, erkennt man prompt, dass es mehr braucht als ein gutes Angebot, um die Kunden zu \u00fcberzeugen.","breadcrumb":{"@id":"https:\/\/zutt.ch\/blog\/de\/emotionales-marketing\/#breadcrumb"},"inLanguage":"de","potentialAction":[{"@type":"ReadAction","target":["https:\/\/zutt.ch\/blog\/de\/emotionales-marketing\/"]}]},{"@type":"ImageObject","inLanguage":"de","@id":"https:\/\/zutt.ch\/blog\/de\/emotionales-marketing\/#primaryimage","url":"https:\/\/zutt.ch\/blog\/wp-content\/uploads\/2019\/10\/zutt-neuromarketing-definition-praxis-projekte.jpg","contentUrl":"https:\/\/zutt.ch\/blog\/wp-content\/uploads\/2019\/10\/zutt-neuromarketing-definition-praxis-projekte.jpg","width":640,"height":480,"caption":"Durchleuchtetes Konsumentengehirn im Neuromarketing"},{"@type":"BreadcrumbList","@id":"https:\/\/zutt.ch\/blog\/de\/emotionales-marketing\/#breadcrumb","itemListElement":[{"@type":"ListItem","position":1,"name":"Home","item":"https:\/\/zutt.ch\/blog\/de\/"},{"@type":"ListItem","position":2,"name":"Emotionales Marketing"}]},{"@type":"WebSite","@id":"https:\/\/zutt.ch\/blog\/#website","url":"https:\/\/zutt.ch\/blog\/","name":"ZUTT &amp; PARTNER AG","description":"Navigate Emotions","publisher":{"@id":"https:\/\/zutt.ch\/blog\/#organization"},"potentialAction":[{"@type":"SearchAction","target":{"@type":"EntryPoint","urlTemplate":"https:\/\/zutt.ch\/blog\/?s={search_term_string}"},"query-input":{"@type":"PropertyValueSpecification","valueRequired":true,"valueName":"search_term_string"}}],"inLanguage":"de"},{"@type":"Organization","@id":"https:\/\/zutt.ch\/blog\/#organization","name":"ZUTT & PARTNER AG","url":"https:\/\/zutt.ch\/blog\/","logo":{"@type":"ImageObject","inLanguage":"de","@id":"https:\/\/zutt.ch\/blog\/#\/schema\/logo\/image\/","url":"https:\/\/zutt.ch\/blog\/wp-content\/uploads\/2018\/03\/Zutt-Partner-Logo.svg","contentUrl":"https:\/\/zutt.ch\/blog\/wp-content\/uploads\/2018\/03\/Zutt-Partner-Logo.svg","width":1,"height":1,"caption":"ZUTT & PARTNER AG"},"image":{"@id":"https:\/\/zutt.ch\/blog\/#\/schema\/logo\/image\/"},"sameAs":["https:\/\/www.facebook.com\/GlobalEmotionsForum","http:\/\/ch.linkedin.com\/company\/globalemotionsforum?trk=ppro_cprof"]}]}},"_links":{"self":[{"href":"https:\/\/zutt.ch\/blog\/wp-json\/wp\/v2\/pages\/5757","targetHints":{"allow":["GET"]}}],"collection":[{"href":"https:\/\/zutt.ch\/blog\/wp-json\/wp\/v2\/pages"}],"about":[{"href":"https:\/\/zutt.ch\/blog\/wp-json\/wp\/v2\/types\/page"}],"author":[{"embeddable":true,"href":"https:\/\/zutt.ch\/blog\/wp-json\/wp\/v2\/users\/12"}],"replies":[{"embeddable":true,"href":"https:\/\/zutt.ch\/blog\/wp-json\/wp\/v2\/comments?post=5757"}],"version-history":[{"count":24,"href":"https:\/\/zutt.ch\/blog\/wp-json\/wp\/v2\/pages\/5757\/revisions"}],"predecessor-version":[{"id":7345,"href":"https:\/\/zutt.ch\/blog\/wp-json\/wp\/v2\/pages\/5757\/revisions\/7345"}],"wp:attachment":[{"href":"https:\/\/zutt.ch\/blog\/wp-json\/wp\/v2\/media?parent=5757"}],"curies":[{"name":"wp","href":"https:\/\/api.w.org\/{rel}","templated":true}]}}