{"id":4992,"date":"2018-06-10T11:28:18","date_gmt":"2018-06-10T11:28:18","guid":{"rendered":"http:\/\/zutt.smore.ch\/?page_id=4992"},"modified":"2021-10-12T07:29:06","modified_gmt":"2021-10-12T07:29:06","slug":"datenschutz","status":"publish","type":"page","link":"https:\/\/zutt.ch\/blog\/de\/datenschutz\/","title":{"rendered":"Datenschutz"},"content":{"rendered":"<h1>Datenschutz<\/h1>\n<p><strong>Kontakt<\/strong><br \/>\nZUTT &amp; PARTNER AG<br \/>\nRosswiessstrasse 29<br \/>\n8608 Bubikon-Z\u00fcrich<br \/>\nSchweiz<\/p>\n<p><strong>Mehrwertsteuernummer:<\/strong> CHE-107.928.978<br \/>\n<strong>Gesch\u00e4ftsleiter:<\/strong> Philipp Zutt<br \/>\n<strong>Kontakt:<\/strong><a href=\"mailto:info@zutt.ch\">\u00a0info@zutt.ch<\/a><\/p>\n<p><strong>Datenschutzerkl\u00e4rung<\/strong><br \/>\nZUTT &amp; PARTNER AG nimmt den Schutz personenbezogener Daten sehr ernst. Aus diesem Grund m\u00f6chten wir die Nutzer unseres Internetangebots auch dar\u00fcber informieren, welche Daten gespeichert werden und wie diese Daten verwendet werden. \u2028Diese Datenschutzerkl\u00e4rung (Privacy Policy) gilt nur f\u00fcr den Internet-Auftritt von ZUTT &amp; PARTNER AG. Auf Servern\/Internet-Seiten, zu denen externe Links f\u00fchren, kann es eine andere Privacy Policy geben.\u2028 Die Datenschutzvorschriften verpflichten uns zum ordnungsgem\u00e4ssen und zweckgebundenen Umgang mit Daten der Nutzer unseres Angebotes. F\u00fcr andere als die angegebenen sowie gesetzlich erlaubten Zwecke d\u00fcrfen wir Ihre Daten nicht verwenden. Im Einzelnen m\u00f6chten wir Sie nachfolgend dar\u00fcber informieren, welche Daten wir erheben und wie die Daten verarbeitet oder genutzt werden:<\/p>\n<p><strong>Erhebung, Speicherung und Verwendung von Daten<\/strong><br \/>\nUm unseren Newsletter zu abonnieren, Ihre Anfrage zu beantworten oder Ihre Referate- und Studienbestellungen entgegenzunehmen, ben\u00f6tigen wir einige Angaben von Ihnen. Ihre Angaben werden ausschliesslich f\u00fcr die Abwicklung der genannten Zwecke verwendet.\u2028Wir erheben und verarbeiten Ihre Daten zur Abwicklung der von Ihnen geschilderten Anfrage, zur Pflege der laufenden Kundenbeziehung und um Ihnen Informationen \u00fcber aktuelle Studien-Insights zuzustellen. Bei der technischen Durchf\u00fchrung der Datenverarbeitung bedienen wir uns teilweise externer Dienstleister, welche <span class=\"\">verpflichtet sind, die Daten ausschlie\u00dflich in unserem Auftrag und nach unseren Instruktionen zu bearbeiten und die Vertraulichkeit Ihrer personenbezogenen Daten zu wahren<\/span>.<\/p>\n<p><strong>Protokollierung<\/strong><br \/>\nBei jedem Zugriff eines Nutzers auf eine Seite aus dem Internet-Angebot von ZUTT &amp; PARTNER AG und bei jedem Abruf einer Datei werden Daten \u00fcber diesen Vorgang in einer Protokolldatei gespeichert. Je nach verwendetem Zugriffsprotokoll beinhaltet der Protokolldatensatz Angaben mit folgenden Inhalten:<\/p>\n<ul>\n<li>IP-Adresse des anfordernden Rechners<\/li>\n<li>Name der angeforderten Datei<\/li>\n<li>Datum und Uhrzeit der Anforderung<\/li>\n<li>vom anfordernden Rechner gew\u00fcnschte Zugriffsmethoden\/Funktionen<\/li>\n<li>Zugriffsstatus des Web-Servers (Datei \u00fcbertragen, Datei nicht gefunden, Kommando nicht ausgef\u00fchrt, etc.)<\/li>\n<li>URL, von der aus die Datei angefordert\/die gew\u00fcnschte Funktion veranlasst wurde<\/li>\n<li>Betriebssystem und Browsertyp bzw. Browsereinstellungen<\/li>\n<\/ul>\n<p>Es gibt f\u00fcr uns keine M\u00f6glichkeit, IP-Adresse und eventuell vorhandene personenbezogene Daten zu verkn\u00fcpfen. Die gespeicherten Daten werden ausschliesslich zu Zwecken der Identifikation und Nachverfolgung unzul\u00e4ssiger Zugriffsversuche\/Zugriffe auf den Web-Server sowie f\u00fcr statistische Auswertungen wie Besucherzahlen und Seitenpopularit\u00e4t verwendet. Die Auswertung erfolgt nur durch autorisierte Mitarbeiter von uns.<\/p>\n<p>Logfile-Informationen werden aus Sicherheitsgr\u00fcnden (z.B. zur Aufkl\u00e4rung von Missbrauchs- oder Betrugshandlungen) f\u00fcr die Dauer von maximal sieben Tagen gespeichert und danach gel\u00f6scht. Daten, deren weitere Aufbewahrung zu Beweiszwecken erforderlich ist, sind bis zur endg\u00fcltigen Kl\u00e4rung des jeweiligen Vorfalls von der L\u00f6schung ausgenommen.<\/p>\n<p><strong>Verwendung von Cookies<\/strong><br \/>\nIm Rahmen Ihres Besuchs auf unseren Seiten verwenden wir so genannte Cookies. Cookies sind kleine Textbausteine, die auf Ihrem Computer abgelegt werden. Um Ihnen einen optimalen Service zu bieten, setzen wir sowohl &#8222;Permanent-Cookies&#8220; als auch &#8222;Session-Cookies&#8220; ein.\u2028Die in Permanent-Cookies gespeicherten Daten dienen dazu, Ihnen eine m\u00f6glichst komfortable Nutzung unserer Internetseiten auch \u00fcber den aktuellen Besuch hinaus zu erm\u00f6glichen und werden von uns nur zu diesem Zwecke verwendet.\u2028Wenn Sie keine Permanent-Cookies zulassen m\u00f6chten, k\u00f6nnen Sie dies durch eine Deaktivierung von permanenten Cookies in Ihrem Browser vornehmen (Details zum Vorgehen entnehmen Sie bitte der Hilfe-Funktion in der Men\u00fcleiste Ihres Browsers). Die in Session-Cookies abgelegten Daten gelten nur f\u00fcr Ihren jeweils aktuellen Besuch auf unseren Internetseiten und dienen dazu, Ihnen eine uneingeschr\u00e4nkte Nutzung unserer Dienste sowie eine m\u00f6glichst komfortable Nutzung unserer Internetseite f\u00fcr den aktuellen Besuch unserer Seite zu erm\u00f6glichen.\u2028Wenn Sie keine Session-Cookies zulassen m\u00f6chten, k\u00f6nnen Sie dies durch eine Deaktivierung von Session-Cookies in Ihrem Browser vornehmen (Details zum Vorgehen entnehmen Sie bitte der Hilfe-Funktion in der Men\u00fcleiste Ihres Browsers). Bei einer Deaktivierung von Session-Cookies k\u00f6nnen wir nicht daf\u00fcr garantieren, dass Sie alle unsere Dienste ohne Einschr\u00e4nkung nutzen k\u00f6nnen.<\/p>\n<p><strong>Sichere Daten\u00fcbertragung<\/strong><br \/>\nPersonenbezogene Daten, die Sie uns \u00fcber die Formulare, bei der Bestellung eines Newsletters oder Kontaktanfragen zur Verf\u00fcgung stellen, werden \u00fcber eine sichere Verbindung in verschl\u00fcsselter Form zu uns \u00fcbertragen. Das eingesetzte Sicherheitsverfahren (SSL-Secure Sockets Layer) entspricht dem \u00fcblichen Stand der Technik.\u2028Alle Mitarbeiter von ZUTT &amp; PARTNER AG, die Umgang mit Ihren Daten haben, sind zur Einhaltung des Datenschutzes verpflichtet. Der Zugang zum System erfolgt \u00fcber ein Berechtigungsverfahren. SSL-Verschl\u00fcsselung (zu erkennen an https:\/\/ in der Adresszeile des Browsers) ist ein Protokoll zur Verschl\u00fcsselung von Daten bei der \u00dcbertragung vom Webserver zum Browser. Diese \u00dcbertragung bietet besonders hohe Sicherheit. Bei der \u00dcbertragung werden Ihre pers\u00f6nlichen Daten zwischen Ihrem Rechner und unserem SSL-Server mit dem SSL-Protokoll verschl\u00fcsselt.<\/p>\n<p><strong>Haftung f\u00fcr Links<\/strong><br \/>\nZUTT &amp; PARTNER AG erkl\u00e4rt hiermit ausdr\u00fccklich, dass zum Zeitpunkt der Linksetzung keine illegalen Inhalte auf den zu verlinkenden Seiten erkennbar waren. Auf die aktuelle und zuk\u00fcnftige Gestaltung, die Inhalte oder die Urheberschaft der verlinkten\/verkn\u00fcpften Seiten hat ZUTT &amp; PARTNER AG keinerlei Einfluss. Deshalb distanziert sie sich hiermit ausdr\u00fccklich von allen Inhalten aller verlinkten\/verkn\u00fcpften Seiten, die nach der Linksetzung ver\u00e4ndert wurden. Diese Feststellung gilt f\u00fcr alle innerhalb des eigenen Internetangebotes gesetzten Links und Verweise. F\u00fcr illegale, fehlerhafte oder unvollst\u00e4ndige Inhalte und insbesondere f\u00fcr Sch\u00e4den, die aus der Nutzung oder Nichtnutzung solcherart dargebotener Informationen entstehen, haftet allein der Anbieter der Seite, auf welche verwiesen wurde, nicht derjenige, der \u00fcber Links auf die jeweilige Ver\u00f6ffentlichung lediglich verweist.<\/p>\n<p><strong>Google Analytics<\/strong><br \/>\nDiese Webseite verwendet Google Analytics, einen Webanalysedienst der Google Inc. (&#8222;Google&#8220;) f\u00fcr die bedarfsgerechte Gestaltung von Webangeboten. ZUTT &amp; PARTNER AG erh\u00e4lt ausschliesslich Auswertungen von Daten ohne Personenbezug.\u2028Google Analytics verwendet sog. &#8222;Cookies&#8220;, Textdateien, die auf Ihrem Computer gespeichert werden und die eine Analyse Ihrer Benutzung der Webseite erm\u00f6glichen. Die durch das Cookie erzeugten Informationen \u00fcber Ihre Benutzung dieser Webseite (einschliesslich Ihrer IP-Adresse) werden an einen Server von Google in den USA \u00fcbertragen und dort gespeichert. Auf dieser Webseite wurde die IP-Anonymisierung aktiviert, so dass die IP-Adresse der Nutzer von Google innerhalb von Mitgliedstaaten der Europ\u00e4ischen Union oder in anderen Vertragsstaaten des Abkommens \u00fcber den Europ\u00e4ischen Wirtschaftsraum zuvor gek\u00fcrzt wird. Nur in Ausnahmef\u00e4llen wird die volle IP-Adresse an einen Server von Google in den USA \u00fcbertragen und dort gek\u00fcrzt. Im Auftrag des Betreibers dieser Website wird Google diese Informationen benutzen, um die Nutzung der Website durch die Nutzer auszuwerten, um Reports \u00fcber die Websiteaktivit\u00e4ten zusammenzustellen und um weitere mit der Websitenutzung und der Internetnutzung verbundene Dienstleistungen gegen\u00fcber dem Websitebetreiber zu erbringen. Auch wird Google diese Informationen gegebenenfalls an Dritte \u00fcbertragen, sofern dies gesetzlich vorgeschrieben ist oder soweit Dritte diese Daten im Auftrag von Google verarbeiten. Google wird in keinem Fall Ihre IP-Adresse mit anderen Daten von Google in Verbindung bringen. Die personenbezogenen Daten der Nutzer werden nach 26 Monaten gel\u00f6scht. Eine in diesem Zeitraum erneut stattfindende Nutzeraktivit\u00e4t verl\u00e4ngert diesen Zeitraum nicht. Sie k\u00f6nnen die Installation der Cookies durch eine entsprechende Einstellung Ihrer Browser Software verhindern. Wir weisen Sie jedoch darauf hin, dass Sie in diesem Fall gegebenenfalls nicht s\u00e4mtliche Funktionen dieser Webseite vollumf\u00e4nglich nutzen k\u00f6nnen. Durch die Nutzung dieser Webseite erkl\u00e4ren Sie sich mit der Bearbeitung der \u00fcber Sie erhobenen Daten durch Google in der zuvor beschriebenen Art und Weise und zu dem zuvor benannten Zweck einverstanden.\u2028Sie k\u00f6nnen dar\u00fcber hinaus die Erfassung der durch das Cookie erzeugten und auf Ihre Nutzung der Website bezogenen Daten (inkl. Ihrer IP-Adresse) an Google sowie die Verarbeitung dieser Daten durch Google verhindern, indem sie das unter dem folgenden Link\u00a0<a href=\"http:\/\/tools.google.com\/dlpage\/gaoptout?hl=de\" target=\"_blank\" rel=\"noopener\">http:\/\/tools.google.com\/dlpage\/gaoptout?hl=de<\/a>\u00a0\u00a0verf\u00fcgbare Browser-Plugin herunterladen und installieren. Weitere Informationen zu den Nutzungsbedingungen und dem Datenschutz zu Google Analytics finden Sie unter\u2028 <a href=\"http:\/\/www.google.com\/analytics\/terms\/de.html\" target=\"_blank\" rel=\"noopener\">http:\/\/www.google.com\/analytics\/terms\/de.html<\/a>\u00a0\u00a0und unter <a href=\"http:\/\/www.google.com\/intl\/de\/analytics\/privacyoverview.htm\" target=\"_blank\" rel=\"noopener\">http:\/\/www.google.com\/intl\/de\/analytics\/privacyoverview.html<\/a>. \u2028Sofern die Verwendung des Plugins beispielsweise bei Smartphones nicht m\u00f6glich ist, k\u00f6nnen Sie die Erfassung durch Google Analytics ebenfalls verhindern, indem Sie auf folgenden Link klicken:\u00a0<a>Google Analytics deaktivieren.<\/a> Es wird ein Opt-Out-Cookie gesetzt, der die zuk\u00fcnftige Erfassung Ihrer Daten beim Besuch dieser Website verhindert.<\/p>\n<p><strong>Google AdWords Conversion-Tracking<\/strong><br \/>\nDiese Website nutzt das Online-Werbeprogramm &#8222;Google AdWords&#8220; und im Rahmen dessen das Conversion-Tracking. Das Cookie f\u00fcr Conversion-Tracking wird gesetzt, wenn ein Nutzer auf eine von Google geschaltete Anzeige klickt. Diese Cookies verlieren nach 30 Tagen ihre G\u00fcltigkeit und dienen nicht der pers\u00f6nlichen Identifizierung. Besucht der Nutzer bestimmte Seiten dieser Website und das Cookie ist noch nicht abgelaufen, k\u00f6nnen wir und Google erkennen, dass der Nutzer auf die Anzeige geklickt hat und zu dieser Seite weitergeleitet wurde. Jeder Google AdWords-Kunde erh\u00e4lt ein anderes Cookie. Cookies k\u00f6nnen somit nicht \u00fcber die Websites von AdWords-Kunden nachverfolgt werden.<br \/>\nDie mithilfe des Conversion-Cookies eingeholten Informationen dienen dazu, Conversion-Statistiken f\u00fcr AdWords-Kunden zu erstellen, die sich f\u00fcr Conversion-Tracking entschieden haben. Die Kunden erfahren die Gesamtanzahl der Nutzer, die auf ihre Anzeige geklickt haben und zu einer mit einem Conversion-Tracking-Tag versehenen Seite weitergeleitet wurden. Sie erhalten jedoch keine Informationen, mit denen sich Nutzer pers\u00f6nlich identifizieren lassen. Nutzer, die nicht am Tracking teilnehmen m\u00f6chten, k\u00f6nnen das Cookie des Google Conversion-Trackings \u00fcber ihren Internet-Browser unter Nutzereinstellungen leicht deaktivieren. Diese Nutzer werden nicht in die Conversion-Tracking Statistiken aufgenommen. Erfahren Sie mehr \u00fcber die Google-Datenschutzbestimmungen:\u00a0<a href=\"https:\/\/www.google.com\/policies\/technologies\/ads\/\" target=\"_blank\" rel=\"noopener\">https:\/\/www.google.com\/policies\/technologies\/ads<\/a>. Es wird ein Opt-Out-Cookie gesetzt, der die zuk\u00fcnftige Erfassung Ihrer Daten beim Besuch dieser Website verhindert<\/p>\n<p><strong>Newsletter<\/strong><br \/>\nWir informieren Sie gern regelm\u00e4ssig mit dem ZUTT &amp; PARTNER AG-Newsletter und\/oder GlobalEmotionsForum-Newsletter \u00fcber aktuelle Themen und Neuromarketing-Insights. Nur wenn Sie uns auf unserer Webseite eine Einwilligung erteilen, nutzen wir Ihre E-Mail-Adresse zum Versand dieses Newsletters. Wenn Sie zuk\u00fcnftig keinen Newsletter mehr erhalten m\u00f6chten, k\u00f6nnen Sie uns dies jederzeit \u00fcber den in jeder von uns versendeten Nachricht eingef\u00fcgten Link oder durch eine E-Mail an zutt(at)zutt.ch mitteilen.<\/p>\n<p><strong>L\u00f6schung von Daten\u00a0<\/strong><br \/>\nDie bei uns gespeicherten Daten werden gel\u00f6scht, sobald sie f\u00fcr ihre Zweckbestimmung nicht mehr erforderlich sind und der L\u00f6schung keine gesetzlichen Aufbewahrungspflichten entgegenstehen. Sofern die Daten der Nutzer nicht gel\u00f6scht werden, weil sie f\u00fcr andere und gesetzlich zul\u00e4ssige Zwecke erforderlich sind, wird deren Verarbeitung eingeschr\u00e4nkt. D.h. die Daten werden gesperrt und nicht f\u00fcr andere Zwecke verarbeitet. Das gilt z.B. f\u00fcr Daten der Nutzer, die aus handels- oder steuerrechtlichen Gr\u00fcnden aufbewahrt werden m\u00fcssen.<\/p>\n<p><strong>Rechte der Nutzer<\/strong><br \/>\nNutzer haben das Recht, auf Antrag unentgeltlich Auskunft zu erhalten \u00fcber die personenbezogenen Daten, die von uns \u00fcber sie gespeichert wurden.<br \/>\nZus\u00e4tzlich haben die Nutzer das Recht auf Berichtigung unrichtiger Daten, Einschr\u00e4nkung der Verarbeitung und L\u00f6schung ihrer personenbezogenen Daten, sofern zutreffend, Ihre Rechte auf Datenportabilit\u00e4t geltend zu machen und im Fall der Annahme einer unrechtm\u00e4\u00dfigen Datenverarbeitung, eine Beschwerde bei der zust\u00e4ndigen Aufsichtsbeh\u00f6rde einzureichen.<br \/>\nEbenso k\u00f6nnen Nutzer Einwilligungen, grunds\u00e4tzlich mit Auswirkung f\u00fcr die Zukunft, widerrufen.<br \/>\nAuch k\u00f6nnen Nutzer der k\u00fcnftigen Verarbeitung ihrer personenbezogenen Daten entsprechend den gesetzlichen Vorgaben jederzeit widersprechen. Der Widerspruch kann insbesondere gegen die Verarbeitung f\u00fcr Zwecke der Direktwerbung erfolgen.<\/p>\n<p><strong>\u00c4nderungen der Datenschutzerkl\u00e4rung<\/strong><br \/>\nWir behalten uns vor, die Datenschutzerkl\u00e4rung zu \u00e4ndern, um sie an ge\u00e4nderte Rechtslagen, oder bei \u00c4nderungen des Dienstes sowie der Datenverarbeitung anzupassen. Dies gilt jedoch nur im Hinblick auf Erkl\u00e4rungen zur Datenverarbeitung. Sofern Einwilligungen der Nutzer erforderlich sind oder Bestandteile der Datenschutzerkl\u00e4rung Regelungen des Vertragsverh\u00e4ltnisses mit den Nutzern enthalten, erfolgen die \u00c4nderungen nur mit Zustimmung der Nutzer.<br \/>\nDie Nutzer werden gebeten sich regelm\u00e4\u00dfig \u00fcber den Inhalt der Datenschutzerkl\u00e4rung zu informieren.<\/p>\n","protected":false},"excerpt":{"rendered":"<p>Datenschutz Kontakt ZUTT &amp; PARTNER AG Rosswiessstrasse 29 8608 Bubikon-Z\u00fcrich Schweiz Mehrwertsteuernummer: CHE-107.928.978 Gesch\u00e4ftsleiter: Philipp Zutt Kontakt:\u00a0info@zutt.ch Datenschutzerkl\u00e4rung ZUTT &amp; PARTNER AG nimmt den Schutz personenbezogener Daten sehr ernst. Aus diesem Grund m\u00f6chten wir die Nutzer unseres Internetangebots auch dar\u00fcber informieren, welche Daten gespeichert werden und wie diese Daten verwendet werden. \u2028Diese Datenschutzerkl\u00e4rung (Privacy Policy) [&hellip;]<\/p>\n","protected":false},"author":1,"featured_media":0,"parent":0,"menu_order":53,"comment_status":"closed","ping_status":"closed","template":"","meta":{"_acf_changed":false,"inline_featured_image":false,"footnotes":""},"class_list":["post-4992","page","type-page","status-publish","hentry"],"acf":[],"yoast_head":"<!-- This site is optimized with the Yoast SEO plugin v27.4 - https:\/\/yoast.com\/product\/yoast-seo-wordpress\/ -->\n<title>Datenschutz \u2013 Datenschutzerkl\u00e4rung von Zutt &amp; Partner AG<\/title>\n<meta name=\"description\" content=\"Die Datenschutzerkl\u00e4rung von ZUTT &amp; PARTNER AG informiert Sie welche Daten gespeichert und wie diese Daten verwendet werden.\" \/>\n<meta name=\"robots\" content=\"index, follow, max-snippet:-1, max-image-preview:large, max-video-preview:-1\" \/>\n<link rel=\"canonical\" href=\"https:\/\/zutt.ch\/blog\/de\/datenschutz\/\" \/>\n<meta property=\"og:locale\" content=\"de_DE\" \/>\n<meta property=\"og:type\" content=\"article\" \/>\n<meta property=\"og:title\" content=\"Datenschutz \u2013 Datenschutzerkl\u00e4rung von Zutt &amp; Partner AG\" \/>\n<meta property=\"og:description\" content=\"Die Datenschutzerkl\u00e4rung von ZUTT &amp; PARTNER AG informiert Sie welche Daten gespeichert und wie diese Daten verwendet werden.\" \/>\n<meta property=\"og:url\" content=\"https:\/\/zutt.ch\/blog\/de\/datenschutz\/\" \/>\n<meta property=\"og:site_name\" content=\"ZUTT &amp; PARTNER AG\" \/>\n<meta property=\"article:publisher\" content=\"https:\/\/www.facebook.com\/GlobalEmotionsForum\" \/>\n<meta property=\"article:modified_time\" content=\"2021-10-12T07:29:06+00:00\" \/>\n<meta name=\"twitter:card\" content=\"summary_large_image\" \/>\n<meta name=\"twitter:label1\" content=\"Gesch\u00e4tzte Lesezeit\" \/>\n\t<meta name=\"twitter:data1\" content=\"8\u00a0Minuten\" \/>\n<script type=\"application\/ld+json\" class=\"yoast-schema-graph\">{\"@context\":\"https:\\\/\\\/schema.org\",\"@graph\":[{\"@type\":\"WebPage\",\"@id\":\"https:\\\/\\\/zutt.ch\\\/blog\\\/de\\\/datenschutz\\\/\",\"url\":\"https:\\\/\\\/zutt.ch\\\/blog\\\/de\\\/datenschutz\\\/\",\"name\":\"Datenschutz \u2013 Datenschutzerkl\u00e4rung von Zutt & Partner AG\",\"isPartOf\":{\"@id\":\"https:\\\/\\\/zutt.ch\\\/blog\\\/#website\"},\"datePublished\":\"2018-06-10T11:28:18+00:00\",\"dateModified\":\"2021-10-12T07:29:06+00:00\",\"description\":\"Die Datenschutzerkl\u00e4rung von ZUTT & PARTNER AG informiert Sie welche Daten gespeichert und wie diese Daten verwendet werden.\",\"breadcrumb\":{\"@id\":\"https:\\\/\\\/zutt.ch\\\/blog\\\/de\\\/datenschutz\\\/#breadcrumb\"},\"inLanguage\":\"de\",\"potentialAction\":[{\"@type\":\"ReadAction\",\"target\":[\"https:\\\/\\\/zutt.ch\\\/blog\\\/de\\\/datenschutz\\\/\"]}]},{\"@type\":\"BreadcrumbList\",\"@id\":\"https:\\\/\\\/zutt.ch\\\/blog\\\/de\\\/datenschutz\\\/#breadcrumb\",\"itemListElement\":[{\"@type\":\"ListItem\",\"position\":1,\"name\":\"Home\",\"item\":\"https:\\\/\\\/zutt.ch\\\/blog\\\/de\\\/\"},{\"@type\":\"ListItem\",\"position\":2,\"name\":\"Datenschutz\"}]},{\"@type\":\"WebSite\",\"@id\":\"https:\\\/\\\/zutt.ch\\\/blog\\\/#website\",\"url\":\"https:\\\/\\\/zutt.ch\\\/blog\\\/\",\"name\":\"ZUTT &amp; PARTNER AG\",\"description\":\"Navigate Emotions\",\"publisher\":{\"@id\":\"https:\\\/\\\/zutt.ch\\\/blog\\\/#organization\"},\"potentialAction\":[{\"@type\":\"SearchAction\",\"target\":{\"@type\":\"EntryPoint\",\"urlTemplate\":\"https:\\\/\\\/zutt.ch\\\/blog\\\/?s={search_term_string}\"},\"query-input\":{\"@type\":\"PropertyValueSpecification\",\"valueRequired\":true,\"valueName\":\"search_term_string\"}}],\"inLanguage\":\"de\"},{\"@type\":\"Organization\",\"@id\":\"https:\\\/\\\/zutt.ch\\\/blog\\\/#organization\",\"name\":\"ZUTT & PARTNER AG\",\"url\":\"https:\\\/\\\/zutt.ch\\\/blog\\\/\",\"logo\":{\"@type\":\"ImageObject\",\"inLanguage\":\"de\",\"@id\":\"https:\\\/\\\/zutt.ch\\\/blog\\\/#\\\/schema\\\/logo\\\/image\\\/\",\"url\":\"https:\\\/\\\/zutt.ch\\\/blog\\\/wp-content\\\/uploads\\\/2018\\\/03\\\/Zutt-Partner-Logo.svg\",\"contentUrl\":\"https:\\\/\\\/zutt.ch\\\/blog\\\/wp-content\\\/uploads\\\/2018\\\/03\\\/Zutt-Partner-Logo.svg\",\"width\":1,\"height\":1,\"caption\":\"ZUTT & PARTNER AG\"},\"image\":{\"@id\":\"https:\\\/\\\/zutt.ch\\\/blog\\\/#\\\/schema\\\/logo\\\/image\\\/\"},\"sameAs\":[\"https:\\\/\\\/www.facebook.com\\\/GlobalEmotionsForum\",\"http:\\\/\\\/ch.linkedin.com\\\/company\\\/globalemotionsforum?trk=ppro_cprof\"]}]}<\/script>\n<!-- \/ Yoast SEO plugin. -->","yoast_head_json":{"title":"Datenschutz \u2013 Datenschutzerkl\u00e4rung von Zutt & Partner AG","description":"Die Datenschutzerkl\u00e4rung von ZUTT & PARTNER AG informiert Sie welche Daten gespeichert und wie diese Daten verwendet werden.","robots":{"index":"index","follow":"follow","max-snippet":"max-snippet:-1","max-image-preview":"max-image-preview:large","max-video-preview":"max-video-preview:-1"},"canonical":"https:\/\/zutt.ch\/blog\/de\/datenschutz\/","og_locale":"de_DE","og_type":"article","og_title":"Datenschutz \u2013 Datenschutzerkl\u00e4rung von Zutt & Partner AG","og_description":"Die Datenschutzerkl\u00e4rung von ZUTT & PARTNER AG informiert Sie welche Daten gespeichert und wie diese Daten verwendet werden.","og_url":"https:\/\/zutt.ch\/blog\/de\/datenschutz\/","og_site_name":"ZUTT &amp; PARTNER AG","article_publisher":"https:\/\/www.facebook.com\/GlobalEmotionsForum","article_modified_time":"2021-10-12T07:29:06+00:00","twitter_card":"summary_large_image","twitter_misc":{"Gesch\u00e4tzte Lesezeit":"8\u00a0Minuten"},"schema":{"@context":"https:\/\/schema.org","@graph":[{"@type":"WebPage","@id":"https:\/\/zutt.ch\/blog\/de\/datenschutz\/","url":"https:\/\/zutt.ch\/blog\/de\/datenschutz\/","name":"Datenschutz \u2013 Datenschutzerkl\u00e4rung von Zutt & Partner AG","isPartOf":{"@id":"https:\/\/zutt.ch\/blog\/#website"},"datePublished":"2018-06-10T11:28:18+00:00","dateModified":"2021-10-12T07:29:06+00:00","description":"Die Datenschutzerkl\u00e4rung von ZUTT & PARTNER AG informiert Sie welche Daten gespeichert und wie diese Daten verwendet werden.","breadcrumb":{"@id":"https:\/\/zutt.ch\/blog\/de\/datenschutz\/#breadcrumb"},"inLanguage":"de","potentialAction":[{"@type":"ReadAction","target":["https:\/\/zutt.ch\/blog\/de\/datenschutz\/"]}]},{"@type":"BreadcrumbList","@id":"https:\/\/zutt.ch\/blog\/de\/datenschutz\/#breadcrumb","itemListElement":[{"@type":"ListItem","position":1,"name":"Home","item":"https:\/\/zutt.ch\/blog\/de\/"},{"@type":"ListItem","position":2,"name":"Datenschutz"}]},{"@type":"WebSite","@id":"https:\/\/zutt.ch\/blog\/#website","url":"https:\/\/zutt.ch\/blog\/","name":"ZUTT &amp; PARTNER AG","description":"Navigate Emotions","publisher":{"@id":"https:\/\/zutt.ch\/blog\/#organization"},"potentialAction":[{"@type":"SearchAction","target":{"@type":"EntryPoint","urlTemplate":"https:\/\/zutt.ch\/blog\/?s={search_term_string}"},"query-input":{"@type":"PropertyValueSpecification","valueRequired":true,"valueName":"search_term_string"}}],"inLanguage":"de"},{"@type":"Organization","@id":"https:\/\/zutt.ch\/blog\/#organization","name":"ZUTT & PARTNER AG","url":"https:\/\/zutt.ch\/blog\/","logo":{"@type":"ImageObject","inLanguage":"de","@id":"https:\/\/zutt.ch\/blog\/#\/schema\/logo\/image\/","url":"https:\/\/zutt.ch\/blog\/wp-content\/uploads\/2018\/03\/Zutt-Partner-Logo.svg","contentUrl":"https:\/\/zutt.ch\/blog\/wp-content\/uploads\/2018\/03\/Zutt-Partner-Logo.svg","width":1,"height":1,"caption":"ZUTT & PARTNER AG"},"image":{"@id":"https:\/\/zutt.ch\/blog\/#\/schema\/logo\/image\/"},"sameAs":["https:\/\/www.facebook.com\/GlobalEmotionsForum","http:\/\/ch.linkedin.com\/company\/globalemotionsforum?trk=ppro_cprof"]}]}},"_links":{"self":[{"href":"https:\/\/zutt.ch\/blog\/wp-json\/wp\/v2\/pages\/4992","targetHints":{"allow":["GET"]}}],"collection":[{"href":"https:\/\/zutt.ch\/blog\/wp-json\/wp\/v2\/pages"}],"about":[{"href":"https:\/\/zutt.ch\/blog\/wp-json\/wp\/v2\/types\/page"}],"author":[{"embeddable":true,"href":"https:\/\/zutt.ch\/blog\/wp-json\/wp\/v2\/users\/1"}],"replies":[{"embeddable":true,"href":"https:\/\/zutt.ch\/blog\/wp-json\/wp\/v2\/comments?post=4992"}],"version-history":[{"count":10,"href":"https:\/\/zutt.ch\/blog\/wp-json\/wp\/v2\/pages\/4992\/revisions"}],"predecessor-version":[{"id":9807,"href":"https:\/\/zutt.ch\/blog\/wp-json\/wp\/v2\/pages\/4992\/revisions\/9807"}],"wp:attachment":[{"href":"https:\/\/zutt.ch\/blog\/wp-json\/wp\/v2\/media?parent=4992"}],"curies":[{"name":"wp","href":"https:\/\/api.w.org\/{rel}","templated":true}]}}