{"id":14475,"date":"2024-10-25T07:21:18","date_gmt":"2024-10-25T07:21:18","guid":{"rendered":"https:\/\/zutt.ch\/?page_id=14475"},"modified":"2024-12-18T15:35:33","modified_gmt":"2024-12-18T15:35:33","slug":"morewomenintech","status":"publish","type":"page","link":"https:\/\/zutt.ch\/blog\/de\/morewomenintech\/","title":{"rendered":"Mehr M\u00e4dchen und Frauen f\u00fcr die MINT und ICT-Welt gewinnen"},"content":{"rendered":"<h1 style=\"margin-bottom: 20px;\">Initiative More Women in Tech<\/h1>\n<h2>Mehr M\u00e4dchen und Frauen f\u00fcr die MINT und ICT-Welt gewinnen<\/h2>\n<p><strong>Diese Initiative verfolgt das Ziel, jungen Frauen aufzuzeigen, wie attraktiv die MINT- und ICT-Welt ist. Denn es braucht noch mehr Frauen, die sich f\u00fcr den Einstieg in dieses Berufsfeld entscheiden und damit die Arbeitskultur positiv beeinflussen, die Innovationskraft erh\u00f6hen und einen Beitrag zur Verminderung des Fachkr\u00e4ftemangels leisten.<br \/>\nDie Initiative wurde von folgenden Organisationen angestossen<\/strong><\/p>\n<p><img loading=\"lazy\" decoding=\"async\" class=\"alignleft size-full wp-image-13030\" src=\"https:\/\/zutt.ch\/blog\/wp-content\/uploads\/2024\/05\/wit-logos.png\" alt=\"\" width=\"1520\" height=\"175\" \/><br \/>\n<img loading=\"lazy\" decoding=\"async\" class=\"alignleft size-full wp-image-13027\" src=\"https:\/\/zutt.ch\/blog\/wp-content\/uploads\/2024\/05\/woman-working-laptop-office-low.jpg\" alt=\"\" width=\"1999\" height=\"1335\" srcset=\"https:\/\/zutt.ch\/blog\/wp-content\/uploads\/2024\/05\/woman-working-laptop-office-low.jpg 1999w, https:\/\/zutt.ch\/blog\/wp-content\/uploads\/2024\/05\/woman-working-laptop-office-low-300x200.jpg 300w, https:\/\/zutt.ch\/blog\/wp-content\/uploads\/2024\/05\/woman-working-laptop-office-low-1024x684.jpg 1024w, https:\/\/zutt.ch\/blog\/wp-content\/uploads\/2024\/05\/woman-working-laptop-office-low-768x513.jpg 768w, https:\/\/zutt.ch\/blog\/wp-content\/uploads\/2024\/05\/woman-working-laptop-office-low-1536x1026.jpg 1536w\" sizes=\"auto, (max-width: 1999px) 100vw, 1999px\" \/><\/p>\n<p>&nbsp;<\/p>\n<p>Ein zentrales Problem im Bildungs- und Berufssektor ist der geringe Anteil von Sch\u00fclerinnen und Frauen in MINT-F\u00e4chern und ICT-Berufen, obwohl diese ausgezeichnete Entwicklungs- und Karrierechancen bieten. Ein Grund hierf\u00fcr ist die vorherrschende, fast ausschliessliche Assoziation von ICT-Berufen mit Technik und Programmieren sowie stereotype Rollenbilder, welche die Berufswahl von Frauen einschr\u00e4nken.<\/p>\n<p>Um der Ursache auf den Grund zu gehen, und weil jede Entscheidung haupts\u00e4chlich im Unterbewusstsein (also emotional) abl\u00e4uft, haben wir mit einer Studie die Emotionen von zufriedenen ICT-Fachkr\u00e4ften (w\/m), jungen berufseinsteigenden Personen (m\/w) sowie potenziellen Quereinsteigerinnen (w) analysiert und verglichen.<\/p>\n<p>Damit konnten wir aufzeigen, dass ICT-Berufe mit emotionalen Codes (Bildwelten, Textwelten, usw.) vermittelt werden, die prim\u00e4r M\u00e4nner ansprechen.<\/p>\n<p>Abgeleitet aus diesen Erkenntnissen haben wir diese Kommunikations-Toolbox erarbeitet, die es erm\u00f6glicht, ICT-Berufe mit gezielteren emotionalen Codes neu zu positionieren und zu bewerben, sodass sie emotionale Relevanz f\u00fcr M\u00e4dchen und Frauen gewinnen und diese st\u00e4rker ansprechen.<\/p>\n<p>Die Studienergebnisse und die Kommunikations-Toolbox stehen allen Interessierten frei zur Verf\u00fcgung.<\/p>\n<p>Wichtig: Bei der Kommunikations-Toolbox handelt es sich um Version 1.2, die im Laufe der Zeit weiterentwickelt wird.<\/p>\n<p><img loading=\"lazy\" decoding=\"async\" class=\"alignnone\" src=\"https:\/\/zutt.ch\/blog\/wp-content\/uploads\/2024\/10\/thumbnail-studienbericht-morewomenintech.png\" alt=\"\" width=\"300\" height=\"225\" \/><br \/>\n<a href=\"https:\/\/hosting.zutt.ch\/morewomenintech\/studienbericht_de_1024.pdf\" target=\"_blank\" rel=\"noopener\">Studienbericht (de)<\/a><\/p>\n<p><img loading=\"lazy\" decoding=\"async\" class=\"alignnone size-medium wp-image-13034\" src=\"https:\/\/zutt.ch\/blog\/wp-content\/uploads\/2024\/10\/thumbnail-kommunikationstoolbox-morewomenintech.png\" alt=\"\" width=\"300\" height=\"169\" \/><br \/>\n<a href=\"https:\/\/hosting.zutt.ch\/morewomenintech\/202410_Kommunikations-Toolbox_v1-2_de.pdf\" target=\"_blank\" rel=\"noopener\">Kommunikations-Toolbox v1.2 (de)<\/a><br \/>\n<a href=\"https:\/\/hosting.zutt.ch\/morewomenintech\/202410_Kommunikations-Toolbox_v1-2_fr.pdf\" target=\"_blank\" rel=\"noopener\">Bo\u00eete \u00e0 outils de communication v1.2 (fr)<\/a><br \/>\n<a href=\"https:\/\/hosting.zutt.ch\/morewomenintech\/202410_Kommunikations-Toolbox_v1-2_en.pdf\" target=\"_blank\" rel=\"noopener\">Communication toolbox v1.2 (en)<\/a><\/p>\n<p>Weitere zweckdienliche Informationen finden Sie auf der Plattform<br \/>\n<a href=\"http:\/\/www.innovation.zuerich\" target=\"_blank\" rel=\"noopener\">www.innovation.zuerich<\/a> unter dem Navigationspunkt \u00ab#Talent\u00bb<\/p>\n<p>&nbsp;<\/p>\n<h2 id=\"kickoff\">Das Ziel kann nur mit einer Vielzahl von Massnahmen erreicht werden<\/h2>\n<p>\u00dcber Jahrzehnte in der Gesellschaft gewachsene Berufs- und Rollenvorstellungen lassen sich nur \u00fcber l\u00e4ngere Zeit und mit vielen verschiedenen Massnahmen ver\u00e4ndern. Die vorgestellte Initiative zielt darauf ab, die bisherigen Bestrebungen mit neuen Ans\u00e4tzen zu erg\u00e4nzen. Hierzu fand im April 2024 ein ganzt\u00e4giger Workshop mit Organisationen aus Wissenschaft und Wirtschaft statt, an welchem weitere Massnahmen angestossen wurden.<br \/>\nNebst dieser Initiative gibt es eine Vielzahl von Organisationen, die sich f\u00fcr mehr Frauen in der ICT-\/Tech-Welt sowie deren Vernetzung engagieren. Kurzprofile der verschiedenen Organisationen finden Sie unter www.techface.ch<br \/>\n<div id=\"metaslider-id-13127\" style=\"max-width: 1000px; margin: 0 auto;\" class=\"ml-slider-3-108-0 metaslider metaslider-nivo metaslider-13127 ml-slider ms-theme-bubble\" role=\"region\" aria-label=\"Women in Tech Workshop\" data-height=\"600\" data-width=\"1000\">\n    <div id=\"metaslider_container_13127\">\n        <div class='slider-wrapper theme-default'><div class='ribbon'><\/div><div id='metaslider_13127' class='nivoSlider'><img loading=\"lazy\" decoding=\"async\" src=\"https:\/\/zutt.ch\/blog\/wp-content\/uploads\/2024\/05\/1-1000x600.jpg\" height=\"600\" width=\"1000\" title=\"1\" alt=\"\" class=\"slider-13127 slide-13162 msDefaultImage\" \/><img loading=\"lazy\" decoding=\"async\" src=\"https:\/\/zutt.ch\/blog\/wp-content\/uploads\/2024\/05\/2-1000x600.jpg\" height=\"600\" width=\"1000\" title=\"2\" alt=\"\" class=\"slider-13127 slide-13163 msDefaultImage\" \/><img loading=\"lazy\" decoding=\"async\" src=\"https:\/\/zutt.ch\/blog\/wp-content\/uploads\/2024\/05\/3-1000x600.jpg\" height=\"600\" width=\"1000\" title=\"3\" alt=\"\" class=\"slider-13127 slide-13164 msDefaultImage\" \/><img loading=\"lazy\" decoding=\"async\" src=\"https:\/\/zutt.ch\/blog\/wp-content\/uploads\/2024\/05\/4-1000x600.jpg\" height=\"600\" width=\"1000\" title=\"4\" alt=\"\" class=\"slider-13127 slide-13165 msDefaultImage\" \/><img loading=\"lazy\" decoding=\"async\" src=\"https:\/\/zutt.ch\/blog\/wp-content\/uploads\/2024\/05\/5-1000x600.jpg\" height=\"600\" width=\"1000\" title=\"5\" alt=\"\" class=\"slider-13127 slide-13166 msDefaultImage\" \/><img loading=\"lazy\" decoding=\"async\" src=\"https:\/\/zutt.ch\/blog\/wp-content\/uploads\/2024\/05\/6-1000x600.jpg\" height=\"600\" width=\"1000\" title=\"6\" alt=\"\" class=\"slider-13127 slide-13167 msDefaultImage\" \/><img loading=\"lazy\" decoding=\"async\" src=\"https:\/\/zutt.ch\/blog\/wp-content\/uploads\/2024\/05\/7-1000x600.jpg\" height=\"600\" width=\"1000\" title=\"7\" alt=\"\" class=\"slider-13127 slide-13168 msDefaultImage\" \/><img loading=\"lazy\" decoding=\"async\" src=\"https:\/\/zutt.ch\/blog\/wp-content\/uploads\/2024\/05\/8-1000x600.jpg\" height=\"600\" width=\"1000\" title=\"8\" alt=\"\" class=\"slider-13127 slide-13169 msDefaultImage\" \/><img loading=\"lazy\" decoding=\"async\" src=\"https:\/\/zutt.ch\/blog\/wp-content\/uploads\/2024\/05\/9-1000x600.jpg\" height=\"600\" width=\"1000\" title=\"9\" alt=\"\" class=\"slider-13127 slide-13170 msDefaultImage\" \/><img loading=\"lazy\" decoding=\"async\" src=\"https:\/\/zutt.ch\/blog\/wp-content\/uploads\/2024\/05\/10-1000x600.jpg\" height=\"600\" width=\"1000\" title=\"10\" alt=\"\" class=\"slider-13127 slide-13171 msDefaultImage\" \/><img loading=\"lazy\" decoding=\"async\" src=\"https:\/\/zutt.ch\/blog\/wp-content\/uploads\/2024\/05\/11-1000x600.jpg\" height=\"600\" width=\"1000\" title=\"11\" alt=\"\" class=\"slider-13127 slide-13172 msDefaultImage\" \/><img loading=\"lazy\" decoding=\"async\" src=\"https:\/\/zutt.ch\/blog\/wp-content\/uploads\/2024\/05\/12-1000x600.jpg\" height=\"600\" width=\"1000\" title=\"12\" alt=\"\" class=\"slider-13127 slide-13173 msDefaultImage\" \/><img loading=\"lazy\" decoding=\"async\" src=\"https:\/\/zutt.ch\/blog\/wp-content\/uploads\/2024\/05\/beeinflusserlandschaft-1000x600.png\" height=\"600\" width=\"1000\" title=\"beeinflusserlandschaft\" alt=\"\" class=\"slider-13127 slide-13200 msDefaultImage\" \/><\/div><\/div>\n        \n    <\/div>\n<\/div><\/p>\n<p>&nbsp;<\/p>\n<h2>Die initiierenden Organisationen im \u00dcberblick<\/h2>\n<p>Studie und Kommunikations-Toolbox werden Ihnen von folgenden Organisationen zur Verf\u00fcgung gestellt:<\/p>\n<p><strong>Kanton Z\u00fcrich (Amt f\u00fcr Wirtschaft + Amt f\u00fcr Arbeit)<\/strong><br \/>\nDas <strong><a href=\"https:\/\/www.zh.ch\/de\/volkswirtschaftsdirektion\/amt-fuer-wirtschaft.html\" target=\"_blank\" rel=\"noopener\">Amt f\u00fcr Wirtschaft<\/a><\/strong> des Kantons Z\u00fcrich arbeitet f\u00fcr die Bev\u00f6lkerung und die Unternehmen im Wirtschaftsraum Z\u00fcrich, leistet einen Beitrag an f\u00f6rderliche Rahmenbedingungen und setzt sich f\u00fcr faire sowie zeitgem\u00e4sse Arbeitsbedingungen in den Betrieben ein. Das <strong><a href=\"https:\/\/www.zh.ch\/de\/volkswirtschaftsdirektion\/amt-fuer-arbeit.html\" target=\"_blank\" rel=\"noopener\">Amt f\u00fcr Arbeit<\/a><\/strong> des Kantons Z\u00fcrich arbeitet f\u00fcr die Bev\u00f6lkerung und die Unternehmen im Wirtschaftsraum Z\u00fcrich und bringt Stellensuchende und Arbeitgebende zusammen.<\/p>\n<p><strong>digitalswitzerland<\/strong><br \/>\n<strong><a href=\"https:\/\/digitalswitzerland.com\/\" target=\"_blank\" rel=\"noopener\">digitalswitzerland<\/a><\/strong> ist eine schweizweite, branchen\u00fcbergreifende Initiative mit dem Ziel, die Schweiz in eine f\u00fchrende digitale Nation zu transformieren. Gemeinsam mit einem Netzwerk von 170+ Mitgliedern und nicht-politischen Partnern, darunter mehr als 1\u2019000 Top-F\u00fchrungskr\u00e4fte, engagiert sich digitalswitzerland in \u00fcber 25 Projekten, um den digitalen Wandel in der Schweiz zu inspirieren, zu initiieren, mitzugestalten und anzuf\u00fchren.<\/p>\n<p><strong>ICT-Berufsbildung Schweiz<\/strong><br \/>\n<strong><a href=\"https:\/\/www.ict-berufsbildung.ch\/\" target=\"_blank\" rel=\"noopener\">ICT-Berufsbildung Schweiz<\/a><\/strong> ist die nationale Organisation der Arbeitswelt f\u00fcr das Berufsfeld der Informations- und Kommunikationstechnologie (ICT). Der Verband ist zust\u00e4ndig f\u00fcr s\u00e4mtliche eidgen\u00f6ssischen Berufsabschl\u00fcsse in der Informatik und Mediamatik und ist Pr\u00fcfungsinstanz f\u00fcr die verschiedenen eidgen\u00f6ssischen Fachausweise. ICT-Berufsbildung Schweiz wird getragen von 9 nationalen Branchen- und Berufsverb\u00e4nden sowie 17 regionalen ICT-Berufsbildungsverb\u00e4nden.<\/p>\n<p><strong>taskforce4women<\/strong><br \/>\n<strong><a href=\"https:\/\/www.taskforce4women.ch\/\" target=\"_blank\" rel=\"noopener\">taskforce4women<\/a><\/strong> ist eine Initiative der M\u00fcller-M\u00f6hl Foundation. Sie zielt darauf ab, die Gleichstellung der Frauen und die Vereinbarkeit von Familie und Beruf zu f\u00f6rdern. Als Do- &amp; Think-Tank f\u00f6rdert sie zusammen mit ihren Partnern evidenzbasierte Ma\u00dfnahmen, die dazu beitragen, dass Frauen in der Schweiz die gleiche Repr\u00e4sentation, Partizipation und Sichtbarkeit erfahren wie M\u00e4nner.<\/p>\n<p><strong>ZUTT &amp; PARTNER<\/strong><br \/>\n<strong><a href=\"https:\/\/zutt.ch\/blog\" target=\"_blank\" rel=\"noopener\">ZUTT &amp; PARTNER<\/a><\/strong> ist ein Neuromarketing Forschungs- und Beratungsunternehmen aus dem Z\u00fcrcher Oberland und analysiert seit \u00fcber 20 Jahren emotionale Welten in den Gehirnen verschiedener Zielgruppen. Das in Zusammenarbeit mit der Wissenschaft entwickelte Werkzeug EmoCompass\u00ae erm\u00f6glicht das Beleuchten einer breiten Palette von Fragestellungen, von Marketing und Branding bis hin zu Emotionen bei der Berufswahl.<\/p>\n<p>&nbsp;<\/p>\n<h2>Haben Sie Anregungen und Fragen zur Kommunikations-Toolbox?<\/h2>\n<p>Wir freuen uns von Ihnen zu h\u00f6ren:<\/p>\n<p>standort@vd.zh.ch<br \/>\n043 259 49 92<\/p>\n<p>&nbsp;<\/p>\n<h2>Interesse f\u00fcr einen Austausch hinterlegen<\/h2>\n<p><a href=\"https:\/\/zutt.ch\/blog\/de\/morewomenintech-formular\/\">&gt; Hier<\/a> geht&#8217;s zum Kontakt-Formular<\/p>\n","protected":false},"excerpt":{"rendered":"<p>Initiative More Women in Tech Mehr M\u00e4dchen und Frauen f\u00fcr die MINT und ICT-Welt gewinnen Diese Initiative verfolgt das Ziel, jungen Frauen aufzuzeigen, wie attraktiv die MINT- und ICT-Welt ist. Denn es braucht noch mehr Frauen, die sich f\u00fcr den Einstieg in dieses Berufsfeld entscheiden und damit die Arbeitskultur positiv beeinflussen, die Innovationskraft erh\u00f6hen und [&hellip;]<\/p>\n","protected":false},"author":3,"featured_media":0,"parent":0,"menu_order":65,"comment_status":"closed","ping_status":"closed","template":"","meta":{"_acf_changed":false,"inline_featured_image":false,"footnotes":""},"class_list":["post-14475","page","type-page","status-publish","hentry"],"acf":[],"yoast_head":"<!-- This site is optimized with the Yoast SEO plugin v27.4 - https:\/\/yoast.com\/product\/yoast-seo-wordpress\/ -->\n<title>Mehr M\u00e4dchen und Frauen f\u00fcr die MINT und ICT-Welt gewinnen<\/title>\n<meta name=\"description\" content=\"Initiative, Hintergr\u00fcnde und Downloads zu wie mehr M\u00e4dchen und Frauen f\u00fcr die ICT- und MINT-Welt begeistert werden k\u00f6nnen.\" \/>\n<meta name=\"robots\" content=\"index, follow, max-snippet:-1, max-image-preview:large, max-video-preview:-1\" \/>\n<link rel=\"canonical\" href=\"https:\/\/zutt.ch\/blog\/de\/morewomenintech\/\" \/>\n<meta property=\"og:locale\" content=\"de_DE\" \/>\n<meta property=\"og:type\" content=\"article\" \/>\n<meta property=\"og:title\" content=\"Mehr M\u00e4dchen und Frauen f\u00fcr die MINT und ICT-Welt gewinnen\" \/>\n<meta property=\"og:description\" content=\"Initiative, Hintergr\u00fcnde und Downloads zu wie mehr M\u00e4dchen und Frauen f\u00fcr die ICT- und MINT-Welt begeistert werden k\u00f6nnen.\" \/>\n<meta property=\"og:url\" content=\"https:\/\/zutt.ch\/blog\/de\/morewomenintech\/\" \/>\n<meta property=\"og:site_name\" content=\"ZUTT &amp; PARTNER AG\" \/>\n<meta property=\"article:publisher\" content=\"https:\/\/www.facebook.com\/GlobalEmotionsForum\" \/>\n<meta property=\"article:modified_time\" content=\"2024-12-18T15:35:33+00:00\" \/>\n<meta property=\"og:image\" content=\"https:\/\/zutt.ch\/blog\/wp-content\/uploads\/2024\/05\/women-in-tech-logos.png\" \/>\n\t<meta property=\"og:image:width\" content=\"1520\" \/>\n\t<meta property=\"og:image:height\" content=\"175\" \/>\n\t<meta property=\"og:image:type\" content=\"image\/png\" \/>\n<meta name=\"twitter:card\" content=\"summary_large_image\" \/>\n<meta name=\"twitter:label1\" content=\"Gesch\u00e4tzte Lesezeit\" \/>\n\t<meta name=\"twitter:data1\" content=\"5\u00a0Minuten\" \/>\n<script type=\"application\/ld+json\" class=\"yoast-schema-graph\">{\"@context\":\"https:\\\/\\\/schema.org\",\"@graph\":[{\"@type\":\"WebPage\",\"@id\":\"https:\\\/\\\/zutt.ch\\\/blog\\\/de\\\/morewomenintech\\\/\",\"url\":\"https:\\\/\\\/zutt.ch\\\/blog\\\/de\\\/morewomenintech\\\/\",\"name\":\"Mehr M\u00e4dchen und Frauen f\u00fcr die MINT und ICT-Welt gewinnen\",\"isPartOf\":{\"@id\":\"https:\\\/\\\/zutt.ch\\\/blog\\\/#website\"},\"primaryImageOfPage\":{\"@id\":\"https:\\\/\\\/zutt.ch\\\/blog\\\/de\\\/morewomenintech\\\/#primaryimage\"},\"image\":{\"@id\":\"https:\\\/\\\/zutt.ch\\\/blog\\\/de\\\/morewomenintech\\\/#primaryimage\"},\"thumbnailUrl\":\"https:\\\/\\\/zutt.ch\\\/blog\\\/wp-content\\\/uploads\\\/2024\\\/05\\\/wit-logos.png\",\"datePublished\":\"2024-10-25T07:21:18+00:00\",\"dateModified\":\"2024-12-18T15:35:33+00:00\",\"description\":\"Initiative, Hintergr\u00fcnde und Downloads zu wie mehr M\u00e4dchen und Frauen f\u00fcr die ICT- und MINT-Welt begeistert werden k\u00f6nnen.\",\"breadcrumb\":{\"@id\":\"https:\\\/\\\/zutt.ch\\\/blog\\\/de\\\/morewomenintech\\\/#breadcrumb\"},\"inLanguage\":\"de\",\"potentialAction\":[{\"@type\":\"ReadAction\",\"target\":[\"https:\\\/\\\/zutt.ch\\\/blog\\\/de\\\/morewomenintech\\\/\"]}]},{\"@type\":\"ImageObject\",\"inLanguage\":\"de\",\"@id\":\"https:\\\/\\\/zutt.ch\\\/blog\\\/de\\\/morewomenintech\\\/#primaryimage\",\"url\":\"https:\\\/\\\/zutt.ch\\\/blog\\\/wp-content\\\/uploads\\\/2024\\\/05\\\/wit-logos.png\",\"contentUrl\":\"https:\\\/\\\/zutt.ch\\\/blog\\\/wp-content\\\/uploads\\\/2024\\\/05\\\/wit-logos.png\",\"width\":1805,\"height\":146},{\"@type\":\"BreadcrumbList\",\"@id\":\"https:\\\/\\\/zutt.ch\\\/blog\\\/de\\\/morewomenintech\\\/#breadcrumb\",\"itemListElement\":[{\"@type\":\"ListItem\",\"position\":1,\"name\":\"Home\",\"item\":\"https:\\\/\\\/zutt.ch\\\/blog\\\/de\\\/\"},{\"@type\":\"ListItem\",\"position\":2,\"name\":\"Mehr M\u00e4dchen und Frauen f\u00fcr die MINT und ICT-Welt gewinnen\"}]},{\"@type\":\"WebSite\",\"@id\":\"https:\\\/\\\/zutt.ch\\\/blog\\\/#website\",\"url\":\"https:\\\/\\\/zutt.ch\\\/blog\\\/\",\"name\":\"ZUTT &amp; PARTNER AG\",\"description\":\"Navigate Emotions\",\"publisher\":{\"@id\":\"https:\\\/\\\/zutt.ch\\\/blog\\\/#organization\"},\"potentialAction\":[{\"@type\":\"SearchAction\",\"target\":{\"@type\":\"EntryPoint\",\"urlTemplate\":\"https:\\\/\\\/zutt.ch\\\/blog\\\/?s={search_term_string}\"},\"query-input\":{\"@type\":\"PropertyValueSpecification\",\"valueRequired\":true,\"valueName\":\"search_term_string\"}}],\"inLanguage\":\"de\"},{\"@type\":\"Organization\",\"@id\":\"https:\\\/\\\/zutt.ch\\\/blog\\\/#organization\",\"name\":\"ZUTT & PARTNER AG\",\"url\":\"https:\\\/\\\/zutt.ch\\\/blog\\\/\",\"logo\":{\"@type\":\"ImageObject\",\"inLanguage\":\"de\",\"@id\":\"https:\\\/\\\/zutt.ch\\\/blog\\\/#\\\/schema\\\/logo\\\/image\\\/\",\"url\":\"https:\\\/\\\/zutt.ch\\\/blog\\\/wp-content\\\/uploads\\\/2018\\\/03\\\/Zutt-Partner-Logo.svg\",\"contentUrl\":\"https:\\\/\\\/zutt.ch\\\/blog\\\/wp-content\\\/uploads\\\/2018\\\/03\\\/Zutt-Partner-Logo.svg\",\"width\":1,\"height\":1,\"caption\":\"ZUTT & PARTNER AG\"},\"image\":{\"@id\":\"https:\\\/\\\/zutt.ch\\\/blog\\\/#\\\/schema\\\/logo\\\/image\\\/\"},\"sameAs\":[\"https:\\\/\\\/www.facebook.com\\\/GlobalEmotionsForum\",\"http:\\\/\\\/ch.linkedin.com\\\/company\\\/globalemotionsforum?trk=ppro_cprof\"]}]}<\/script>\n<!-- \/ Yoast SEO plugin. -->","yoast_head_json":{"title":"Mehr M\u00e4dchen und Frauen f\u00fcr die MINT und ICT-Welt gewinnen","description":"Initiative, Hintergr\u00fcnde und Downloads zu wie mehr M\u00e4dchen und Frauen f\u00fcr die ICT- und MINT-Welt begeistert werden k\u00f6nnen.","robots":{"index":"index","follow":"follow","max-snippet":"max-snippet:-1","max-image-preview":"max-image-preview:large","max-video-preview":"max-video-preview:-1"},"canonical":"https:\/\/zutt.ch\/blog\/de\/morewomenintech\/","og_locale":"de_DE","og_type":"article","og_title":"Mehr M\u00e4dchen und Frauen f\u00fcr die MINT und ICT-Welt gewinnen","og_description":"Initiative, Hintergr\u00fcnde und Downloads zu wie mehr M\u00e4dchen und Frauen f\u00fcr die ICT- und MINT-Welt begeistert werden k\u00f6nnen.","og_url":"https:\/\/zutt.ch\/blog\/de\/morewomenintech\/","og_site_name":"ZUTT &amp; PARTNER AG","article_publisher":"https:\/\/www.facebook.com\/GlobalEmotionsForum","article_modified_time":"2024-12-18T15:35:33+00:00","og_image":[{"width":1520,"height":175,"url":"https:\/\/zutt.ch\/blog\/wp-content\/uploads\/2024\/05\/women-in-tech-logos.png","type":"image\/png"}],"twitter_card":"summary_large_image","twitter_misc":{"Gesch\u00e4tzte Lesezeit":"5\u00a0Minuten"},"schema":{"@context":"https:\/\/schema.org","@graph":[{"@type":"WebPage","@id":"https:\/\/zutt.ch\/blog\/de\/morewomenintech\/","url":"https:\/\/zutt.ch\/blog\/de\/morewomenintech\/","name":"Mehr M\u00e4dchen und Frauen f\u00fcr die MINT und ICT-Welt gewinnen","isPartOf":{"@id":"https:\/\/zutt.ch\/blog\/#website"},"primaryImageOfPage":{"@id":"https:\/\/zutt.ch\/blog\/de\/morewomenintech\/#primaryimage"},"image":{"@id":"https:\/\/zutt.ch\/blog\/de\/morewomenintech\/#primaryimage"},"thumbnailUrl":"https:\/\/zutt.ch\/blog\/wp-content\/uploads\/2024\/05\/wit-logos.png","datePublished":"2024-10-25T07:21:18+00:00","dateModified":"2024-12-18T15:35:33+00:00","description":"Initiative, Hintergr\u00fcnde und Downloads zu wie mehr M\u00e4dchen und Frauen f\u00fcr die ICT- und MINT-Welt begeistert werden k\u00f6nnen.","breadcrumb":{"@id":"https:\/\/zutt.ch\/blog\/de\/morewomenintech\/#breadcrumb"},"inLanguage":"de","potentialAction":[{"@type":"ReadAction","target":["https:\/\/zutt.ch\/blog\/de\/morewomenintech\/"]}]},{"@type":"ImageObject","inLanguage":"de","@id":"https:\/\/zutt.ch\/blog\/de\/morewomenintech\/#primaryimage","url":"https:\/\/zutt.ch\/blog\/wp-content\/uploads\/2024\/05\/wit-logos.png","contentUrl":"https:\/\/zutt.ch\/blog\/wp-content\/uploads\/2024\/05\/wit-logos.png","width":1805,"height":146},{"@type":"BreadcrumbList","@id":"https:\/\/zutt.ch\/blog\/de\/morewomenintech\/#breadcrumb","itemListElement":[{"@type":"ListItem","position":1,"name":"Home","item":"https:\/\/zutt.ch\/blog\/de\/"},{"@type":"ListItem","position":2,"name":"Mehr M\u00e4dchen und Frauen f\u00fcr die MINT und ICT-Welt gewinnen"}]},{"@type":"WebSite","@id":"https:\/\/zutt.ch\/blog\/#website","url":"https:\/\/zutt.ch\/blog\/","name":"ZUTT &amp; PARTNER AG","description":"Navigate Emotions","publisher":{"@id":"https:\/\/zutt.ch\/blog\/#organization"},"potentialAction":[{"@type":"SearchAction","target":{"@type":"EntryPoint","urlTemplate":"https:\/\/zutt.ch\/blog\/?s={search_term_string}"},"query-input":{"@type":"PropertyValueSpecification","valueRequired":true,"valueName":"search_term_string"}}],"inLanguage":"de"},{"@type":"Organization","@id":"https:\/\/zutt.ch\/blog\/#organization","name":"ZUTT & PARTNER AG","url":"https:\/\/zutt.ch\/blog\/","logo":{"@type":"ImageObject","inLanguage":"de","@id":"https:\/\/zutt.ch\/blog\/#\/schema\/logo\/image\/","url":"https:\/\/zutt.ch\/blog\/wp-content\/uploads\/2018\/03\/Zutt-Partner-Logo.svg","contentUrl":"https:\/\/zutt.ch\/blog\/wp-content\/uploads\/2018\/03\/Zutt-Partner-Logo.svg","width":1,"height":1,"caption":"ZUTT & PARTNER AG"},"image":{"@id":"https:\/\/zutt.ch\/blog\/#\/schema\/logo\/image\/"},"sameAs":["https:\/\/www.facebook.com\/GlobalEmotionsForum","http:\/\/ch.linkedin.com\/company\/globalemotionsforum?trk=ppro_cprof"]}]}},"_links":{"self":[{"href":"https:\/\/zutt.ch\/blog\/wp-json\/wp\/v2\/pages\/14475","targetHints":{"allow":["GET"]}}],"collection":[{"href":"https:\/\/zutt.ch\/blog\/wp-json\/wp\/v2\/pages"}],"about":[{"href":"https:\/\/zutt.ch\/blog\/wp-json\/wp\/v2\/types\/page"}],"author":[{"embeddable":true,"href":"https:\/\/zutt.ch\/blog\/wp-json\/wp\/v2\/users\/3"}],"replies":[{"embeddable":true,"href":"https:\/\/zutt.ch\/blog\/wp-json\/wp\/v2\/comments?post=14475"}],"version-history":[{"count":11,"href":"https:\/\/zutt.ch\/blog\/wp-json\/wp\/v2\/pages\/14475\/revisions"}],"predecessor-version":[{"id":14945,"href":"https:\/\/zutt.ch\/blog\/wp-json\/wp\/v2\/pages\/14475\/revisions\/14945"}],"wp:attachment":[{"href":"https:\/\/zutt.ch\/blog\/wp-json\/wp\/v2\/media?parent=14475"}],"curies":[{"name":"wp","href":"https:\/\/api.w.org\/{rel}","templated":true}]}}